{"id":193,"date":"2022-04-05T22:02:11","date_gmt":"2022-04-05T13:02:11","guid":{"rendered":"https:\/\/mkplus-evtol.com\/wp\/?page_id=193"},"modified":"2024-05-12T01:49:12","modified_gmt":"2024-05-11T16:49:12","slug":"greeting","status":"publish","type":"page","link":"https:\/\/mkpl.co.jp\/de\/greeting\/","title":{"rendered":"Gru\u00dfwort"},"content":{"rendered":"\n<h2 class=\"wp-block-heading\" id=\"greeting\">Gru\u00dfwort<\/h2>\n\n\n\n<div class=\"wp-block-columns is-layout-flex wp-container-core-columns-is-layout-28f84493 wp-block-columns-is-layout-flex\">\n<div class=\"wp-block-column is-layout-flow wp-block-column-is-layout-flow\" style=\"flex-basis:66.66%\">\n<p>MKPLUS ist ein Unternehmen, das seit drei Jahren im Gesch\u00e4ft ist und im Juli 2017 bei Null angefangen hat.\nWir haben \u00fcber externe M\u00f6glichkeiten nachgedacht und dar\u00fcber, was die St\u00e4rken unseres Unternehmens sind, w\u00e4hrend wir laufen, und sind zu dem Schluss gekommen, dass wir &#8220;intellektuellen Wert&#8221; haben.<\/p>\n\n\n\n<p>&nbsp;<\/p>\n\n\n\n<p>In der heutigen Informationsgesellschaft kann alles \u00fcber das Internet nachgeschlagen werden.\nIn diesem Sinne sind Wissen und Informationen leicht zu bekommen, aber sie sind bedeutungslos, wenn sie nicht mit dem richtigen Verst\u00e4ndnis und der richtigen Anwendung einhergehen.\nAuch wenn sie punktuell sind, sind sie bedeutungslos.\nEs scheint, dass sie nicht &#8220;n\u00fctzlich&#8221; sind, wenn sie nicht umfassender sind.<\/p>\n\n\n\n<p>&nbsp;<\/p>\n\n\n\n<p>Wir verstehen, dass es viele Menschen gibt, die ihre Probleme deshalb nicht l\u00f6sen k\u00f6nnen, und genau das w\u00fcnschen sie sich von uns.\nSeit Oktober 2017 erhalten wir fast t\u00e4glich Anfragen und Beratungen durch Mundpropaganda.<\/p>\n\n\n\n<p>&nbsp;<\/p>\n\n\n\n<p>Wir haben ein Wissen, das man nicht nur durch Recherche erlangen kann.\nWir haben uns entschlossen, unsere Website f\u00fcr die \u00d6ffentlichkeit zug\u00e4nglich zu machen, weil sie f\u00fcr viele Menschen tats\u00e4chlich n\u00fctzlich zu sein scheint.\nDa es jedoch eine physische Begrenzung gibt, um alles zu behandeln, befassen wir uns nur mit Angelegenheiten, die mit Geld, Gesch\u00e4ft und Produktion in den wirtschaftlichen Aktivit\u00e4ten von Unternehmen zu tun haben.<\/p>\n\n\n\n<p>&nbsp;<\/p>\n\n\n\n<p>Das Wissen, mit dem wir uns befassen, ist nur das, was Sie im Internet oder in B\u00fcchern finden k\u00f6nnen, oder wenn Sie eine Beziehung zu vielen Menschen haben.\nEs wird Ihnen jedoch als etwas ganz anderes erscheinen als das, was Sie anderswo gelesen oder geh\u00f6rt haben.<\/p>\n\n\n\n<p>Wir freuen uns darauf, Sie alle kennenzulernen. <\/p>\n\n\n\n<p class=\"has-text-align-left\">&nbsp;<\/p>\n<\/div>\n\n\n\n<div class=\"wp-block-column is-layout-flow wp-block-column-is-layout-flow\" style=\"flex-basis:33.33%\">\n<figure class=\"wp-block-image alignright epb-animation-fadeInUp epb-duration-1000ms\"><img decoding=\"async\" src=\"https:\/\/mkpl.co.jp\/wp\/wp-content\/uploads\/2022\/11\/kurokawa.jpg\" alt=\"\u4ee3\u8868\u53d6\u7de0\u5f79\u793e\u9577 \u9ed2\u5ddd\u548c\u7950\"\/><\/figure>\n\n\n\n<figure class=\"wp-block-image alignright\"><img decoding=\"async\" src=\"https:\/\/mkpl.co.jp\/wp\/wp-content\/uploads\/2022\/11\/kurokawa.png\" alt=\"\u4ee3\u8868\u53d6\u7de0\u5f79\u793e\u9577 \u9ed2\u5ddd\u548c\u7950\"\/><figcaption class=\"wp-element-caption\">Stellvertretender Direktor<br>Kazumasa Kurokawa<\/figcaption><\/figure>\n<\/div>\n<\/div>\n\n\n\n<h2 class=\"wp-block-heading\" id=\"representative-introduction\">Repr\u00e4sentative Einf\u00fchrung<\/h2>\n\n\n\n<p>Durch meine Erfahrung im Management und in der Unternehmensplanung in gro\u00dfen Unternehmen verf\u00fcge ich \u00fcber ein umfassendes Finanzwissen und ein breites Spektrum an F\u00e4higkeiten, die von der Gr\u00fcndung eines Unternehmens bis zum Aufbau und der Leitung einer gro\u00dfen Mitarbeiterorganisation reichen.<\/p>\n\n\n\n<figure class=\"wp-block-table\"><table><tbody><tr><th>M\u00e4rz 1998<\/th><td>Abschluss an der Universit\u00e4t Osaka, Juristische Fakult\u00e4t<\/td><\/tr><tr><th>April 1998-<\/th><td>Arbeitete im nationalen und internationalen Vertrieb\/Gesch\u00e4ftsplanung bei Toray Industries, Inc.<\/td><\/tr><tr><th>Feb. 2007-<\/th><td>Arbeitete im Vertrieb\/Marketing f\u00fcr GE Fleet Services, Inc.<\/td><\/tr><tr><th>August 2009-<\/th><td>Au\u00dferdem war er an der gesamten Unternehmensf\u00fchrung der Mitsubishi Auto Leasing Corporation beteiligt.<\/td><\/tr><tr><th>M\u00e4rz 2016-<\/th><td>Engagiert in der Unternehmensplanung f\u00fcr ein b\u00f6rsennotiertes IT-Unternehmen.<\/td><\/tr><tr><th>M\u00e4rz 2017-<\/th><td>Became independent. Ernennung zum stellvertretenden Direktor von MKPLUS Co.<br>\nOktober desselben Jahres &#8211; Beginn der Finanzberatungsdienste.<\/td><\/tr><tr><th>April 2018-<\/th><td>Er lernte Dr. Ametsutsumi kennen, eine bekannte Pers\u00f6nlichkeit in der Batterieindustrie, und gr\u00fcndete ein Unternehmen zur Entwicklung von Lithium-Ionen-Akkus.<\/td><\/tr><tr><th>Januar 2019-<\/th><td>Beginn der Luft- und Raumfahrtindustrie.<\/td><\/tr><tr><th>Januar 2020-<\/th><td>Gr\u00fcndung eines Unternehmens f\u00fcr digitales Marketing\/Videoproduktion.<\/td><\/tr><\/tbody><\/table><\/figure>\n\n\n\n<h2 class=\"wp-block-heading\" id=\"board-members\">Vorstandsmitglieder<\/h2>\n\n\n\n<div class=\"wp-block-columns is-layout-flex wp-container-core-columns-is-layout-28f84493 wp-block-columns-is-layout-flex\">\n<div class=\"wp-block-column is-layout-flow wp-block-column-is-layout-flow\" style=\"flex-basis:66.66%\">\n<h4 class=\"wp-block-heading\" id=\"director-dominic-steiner\">Regisseur: Dominik Steiner<\/h4>\n\n\n\n<div class=\"wp-block-group is-layout-flow wp-block-group-is-layout-flow\">\n<p>International erfahrener Unternehmer mit nachgewiesener Erfolgsbilanz in verschiedenen Sektoren, einschlie\u00dflich der Luftfahrtindustrie.<\/p>\n\n\n\n<p>CEO von NewJetCo K.K. und NewJetCo Europe, Gr\u00fcndung und Ausstieg aus einem Privatjet-Unternehmen (April 2005 &#8211; April 2019).<\/p>\n\n\n\n<p>Etablierung aller f\u00fcr den Erwerb, den Verkauf und die Verwaltung von Flugzeugen erforderlichen Gesch\u00e4ftsprozesse. Akquirierte Kunden und beriet sie hinsichtlich ihres Flugzeugbedarfs.<\/p>\n\n\n\n<p>Einstellung eines Betriebsteams und Einstellung von Personal und Hilfskr\u00e4ften.<\/p>\n\n\n\n<p>Als Vorsitzender des japanischen Komitees f\u00fcr Gesch\u00e4ftsluftfahrt des European Business Council (EBC) setzte er sich bei der japanischen Regierung und verwandten Branchen f\u00fcr das japanische Luftfahrtgesch\u00e4ft ein. Bachelor-Abschluss in Mathematik der Kantonsschule Baden. Bachelor of Laws, Universit\u00e4t Z\u00fcrich.<\/p>\n\n\n\n<p>Er verf\u00fcgt au\u00dferdem \u00fcber einen Executive MBA der EU Business School, die Schweizerische Milit\u00e4rfliegerschule und das Schweizer Milit\u00e4rpilotenzertifikat.<\/p>\n\n\n\n<p>&nbsp;<\/p>\n<\/div>\n<\/div>\n\n\n\n<div class=\"wp-block-column is-layout-flow wp-block-column-is-layout-flow\" style=\"flex-basis:33.33%\">\n<figure class=\"wp-block-image size-large epb-animation-fadeInUp epb-duration-1000ms epb-margin-top__96\"><img decoding=\"async\" src=\"https:\/\/mkpl.co.jp\/de\/wp-content\/uploads\/2022\/04\/1339eab80b224abd61c9eb3741ba51cc.jpg\" alt=\"\"\/><\/figure>\n<\/div>\n<\/div>\n\n\n\n<div class=\"wp-block-columns is-layout-flex wp-container-core-columns-is-layout-28f84493 wp-block-columns-is-layout-flex\">\n<div class=\"wp-block-column is-layout-flow wp-block-column-is-layout-flow\" style=\"flex-basis:66.66%\">\n<h4 class=\"wp-block-heading\" id=\"director-masahiro-noguchi\">Regisseur: Masahiro Noguchi<\/h4>\n\n\n\n<div class=\"wp-block-group is-layout-flow wp-block-group-is-layout-flow\">\n<p>Geboren 1984 in der Pr\u00e4fektur Aichi<\/p>\n\n\n\n<p>Abschluss an der juristischen Fakult\u00e4t der Nanzan-Universit\u00e4t. Besch\u00e4ftigt sich mit dem Angebot und dem Verkauf von Produktionsg\u00fctern und der Entwicklung und Inbetriebnahme von Produktionsanlagen f\u00fcr die Herstellung von Flugzeugen, Flugzeugen und Raketentriebwerken. Er verf\u00fcgt \u00fcber umfangreiche Erfahrung in der Zusammenarbeit mit Luft- und Raumfahrtunternehmen in Europa und den USA sowie im Projektmanagement f\u00fcr die Einf\u00fchrung von Produktionsanlagen.<\/p>\n\n\n\n<p>Seit April 2020 ist sie bei MKPLUS und hat die Position des FORMbridge-Beauftragten \u00fcbernommen.<\/p>\n\n\n\n<p>Er ist ein international erfahrener Unternehmer mit einer nachgewiesenen Erfolgsbilanz.<\/p>\n<\/div>\n<\/div>\n\n\n\n<div class=\"wp-block-column is-layout-flow wp-block-column-is-layout-flow\" style=\"flex-basis:33.33%\">\n<figure class=\"wp-block-image size-large is-resized epb-animation-fadeInUp epb-duration-1000ms epb-margin-top__96\"><img decoding=\"async\" src=\"https:\/\/mkpl.co.jp\/de\/wp-content\/uploads\/2022\/04\/29d3bc99193cb0b837fb8cc53f050ae5.png\" alt=\"\"\/><\/figure>\n<\/div>\n<\/div>\n","protected":false},"excerpt":{"rendered":"<p>Gru\u00dfwort MKPLUS ist ein Unternehmen, das seit drei Jahren im Gesch\u00e4ft ist und im Juli 2017 bei Null angefangen [&hellip;]<\/p>\n","protected":false},"author":1,"featured_media":179,"parent":0,"menu_order":0,"comment_status":"closed","ping_status":"closed","template":"","meta":{"footnotes":""},"class_list":["post-193","page","type-page","status-publish","has-post-thumbnail","hentry"],"_links":{"self":[{"href":"https:\/\/mkpl.co.jp\/de\/wp-json\/wp\/v2\/pages\/193","targetHints":{"allow":["GET"]}}],"collection":[{"href":"https:\/\/mkpl.co.jp\/de\/wp-json\/wp\/v2\/pages"}],"about":[{"href":"https:\/\/mkpl.co.jp\/de\/wp-json\/wp\/v2\/types\/page"}],"author":[{"embeddable":true,"href":"https:\/\/mkpl.co.jp\/de\/wp-json\/wp\/v2\/users\/1"}],"replies":[{"embeddable":true,"href":"https:\/\/mkpl.co.jp\/de\/wp-json\/wp\/v2\/comments?post=193"}],"version-history":[{"count":28,"href":"https:\/\/mkpl.co.jp\/de\/wp-json\/wp\/v2\/pages\/193\/revisions"}],"predecessor-version":[{"id":490,"href":"https:\/\/mkpl.co.jp\/de\/wp-json\/wp\/v2\/pages\/193\/revisions\/490"}],"wp:featuredmedia":[{"embeddable":true,"href":"https:\/\/mkpl.co.jp\/de\/wp-json\/wp\/v2\/media\/179"}],"wp:attachment":[{"href":"https:\/\/mkpl.co.jp\/de\/wp-json\/wp\/v2\/media?parent=193"}],"curies":[{"name":"wp","href":"https:\/\/api.w.org\/{rel}","templated":true}]}}