{"id":258,"date":"2022-04-06T13:46:47","date_gmt":"2022-04-06T04:46:47","guid":{"rendered":"https:\/\/mkplus-evtol.com\/?page_id=258"},"modified":"2024-05-12T01:46:54","modified_gmt":"2024-05-11T16:46:54","slug":"tachyssema","status":"publish","type":"page","link":"https:\/\/mkpl.co.jp\/de\/tachyssema\/","title":{"rendered":"Tachyssema"},"content":{"rendered":"\n<h2 class=\"wp-block-heading\" id=\"tachyssema-developpment-sarl\">Tachyssema-Entwicklung SARL<\/h2>\n\n\n\n<figure class=\"wp-block-image aligncenter size-large epb-animation-fadeInUp epb-duration-1000ms\"><img decoding=\"async\" src=\"https:\/\/mkpl.co.jp\/de\/wp-content\/uploads\/2022\/04\/\u753b\u50cf1.png\" alt=\"\"\/><\/figure>\n\n\n\n<div class=\"wp-block-columns is-layout-flex wp-container-core-columns-is-layout-28f84493 wp-block-columns-is-layout-flex\">\n<div class=\"wp-block-column is-layout-flow wp-block-column-is-layout-flow\" style=\"flex-basis:100%\">\n<div class=\"wp-block-columns are-vertically-aligned-center is-layout-flex wp-container-core-columns-is-layout-28f84493 wp-block-columns-is-layout-flex\">\n<div class=\"wp-block-column is-vertically-aligned-center is-layout-flow wp-block-column-is-layout-flow\" style=\"flex-basis:100%\">\n<div class=\"wp-block-columns is-layout-flex wp-container-core-columns-is-layout-28f84493 wp-block-columns-is-layout-flex\">\n<div class=\"wp-block-column is-vertically-aligned-center is-layout-flow wp-block-column-is-layout-flow\" style=\"flex-basis:100%\">\n<div class=\"wp-block-group is-layout-flow wp-block-group-is-layout-flow\">\n<figure class=\"wp-block-table alignwide is-style-table__responsive has-normal-font-size\"><table class=\"has-fixed-layout\"><tbody><tr><td class=\"has-text-align-center\" data-align=\"center\"><strong>Standort<\/strong><\/td><td>414Rue de la Decouverte, Immeuble Innopolis Hall A-31670 Labege FRANCE<\/td><\/tr><tr><td class=\"has-text-align-center\" data-align=\"center\"><strong>\u00dcber uns<\/strong><\/td><td>Tachyssema wurde vor 13 Jahren als Unternehmen f\u00fcr die Entwicklung ma\u00dfgeschneiderter elektronischer Schaltungen mit Sitz im Luft- und Raumfahrtmekka Toulouse, Frankreich, gegr\u00fcndet. Tachyssema ist ein Entwicklungspartner f\u00fcr Kunden in der Bildverarbeitungstechnologie und der &#8220;Echtzeit&#8221;-Verarbeitung mehrerer analoger und digitaler Signale und verf\u00fcgt \u00fcber ein breites Spektrum an Erfahrungen in der Luft- und Raumfahrtindustrie, der Industrie f\u00fcr erneuerbare Energien, der allgemeinen und pr\u00e4zisen Industrieausr\u00fcstung und der Materialumformungsindustrie. Wir sind stolz auf unsere Leistungen in den Bereichen Luft- und Raumfahrt, erneuerbare Energien, allgemeine\/pr\u00e4zise Industrieausr\u00fcstung und Materialumformung.<\/td><\/tr><tr><td class=\"has-text-align-center\" data-align=\"center\"><strong>URL<\/strong><\/td><td><a href=\"https:\/\/tachyssema.fr\/en\/\" target=\"_blank\" rel=\"noreferrer noopener\">https:\/\/tachyssema.fr\/en\/<\/a><\/td><\/tr><\/tbody><\/table><\/figure>\n<\/div>\n<\/div>\n<\/div>\n<\/div>\n<\/div>\n<\/div>\n<\/div>\n\n\n\n<h3 class=\"wp-block-heading\" id=\"\u30b3\u30a2\u30c6\u30af\u30ce\u30ed\u30b8\u30fc\">Kerntechnologien<\/h3>\n\n\n\n<div class=\"wp-block-columns is-layout-flex wp-container-core-columns-is-layout-28f84493 wp-block-columns-is-layout-flex\">\n<div class=\"wp-block-column is-layout-flow wp-block-column-is-layout-flow\">\n<figure class=\"wp-block-image aligncenter size-large epb-animation-fadeInLeft epb-duration-1000ms\"><img decoding=\"async\" src=\"https:\/\/mkpl.co.jp\/de\/wp-content\/uploads\/2022\/04\/\u753b\u50cf2.png\" alt=\"\"\/><\/figure>\n<\/div>\n\n\n\n<div class=\"wp-block-column is-layout-flow wp-block-column-is-layout-flow\">\n<figure class=\"wp-block-image aligncenter size-large epb-animation-fadeInLeft epb-duration-2000ms\"><img decoding=\"async\" src=\"https:\/\/mkpl.co.jp\/de\/wp-content\/uploads\/2022\/04\/\u753b\u50cf3.png\" alt=\"\"\/><\/figure>\n<\/div>\n<\/div>\n\n\n\n<h4 class=\"wp-block-heading\" id=\"fpga\u306b\u3088\u308b\u30a2\u30fc\u30ad\u30c6\u30af\u30c1\u30e3\u8a2d\u8a08\">Architektonischer Entwurf mit FPGA<\/h4>\n\n\n\n<ul class=\"wp-block-list\">\n<li>Flexibles Umschreiben von Schaltungen zum Ausprobieren von Spezifikationen w\u00e4hrend der Entwicklungsphase<\/li>\n\n\n\n<li>tr\u00e4gt zur Verringerung des Stromverbrauchs bei Schaltkreisoperationen im Vergleich zu &#8220;CPU + Speicher&#8221; bei<\/li>\n<\/ul>\n\n\n\n<h4 class=\"wp-block-heading\" id=\"\u7d44\u8fbc\u307f\u8a2d\u8a08\">Eingebettetes Design<\/h4>\n\n\n\n<p>Unterst\u00fctzt die Auswahl elektronischer Komponenten und den Entwurf der Hardwarestruktur entsprechend den erforderlichen Herstellungskosten, der \u00e4u\u00dferen Gr\u00f6\u00dfe und der Einfachheit der Struktur<\/p>\n\n\n\n<h3 class=\"wp-block-heading\" id=\"\u30b1\u30fc\u30b9\u30b9\u30bf\u30c7\u30a3\">Fallstudie<\/h3>\n\n\n\n<figure class=\"wp-block-image size-large epb-animation-fadeInUp epb-duration-1000ms\"><img decoding=\"async\" src=\"https:\/\/mkpl.co.jp\/de\/wp-content\/uploads\/2022\/04\/graph-min-scaled.jpg\" alt=\"\"\/><\/figure>\n\n\n\n<h3 class=\"wp-block-heading\" id=\"\u5546\u54c1-\u30b5\u30fc\u30d3\u30b9\">Produkte und Dienstleistungen<\/h3>\n\n\n\n<h4 class=\"wp-block-heading\" id=\"\u98a8\u529b\u767a\u96fb\u8a2d\u5099\u30d6\u30ec\u30fc\u30c9\u6b20\u9665\u691c\u51fa\u30ab\u30e1\u30e9\">Kameras zur Erkennung von Blattdefekten in Windkraftanlagen<\/h4>\n\n\n\n<div class=\"wp-block-columns is-layout-flex wp-container-core-columns-is-layout-28f84493 wp-block-columns-is-layout-flex\">\n<div class=\"wp-block-column is-layout-flow wp-block-column-is-layout-flow\" style=\"flex-basis:100%\">\n<div class=\"wp-block-columns is-layout-flex wp-container-core-columns-is-layout-28f84493 wp-block-columns-is-layout-flex\">\n<div class=\"wp-block-column is-layout-flow wp-block-column-is-layout-flow\">\n<figure class=\"wp-block-image aligncenter size-large is-resized epb-animation-fadeInLeft epb-duration-1000ms\"><img decoding=\"async\" src=\"https:\/\/mkpl.co.jp\/de\/wp-content\/uploads\/2022\/04\/\u753b\u50cf4.png\" alt=\"\" style=\"width:355px;height:256px\"\/><\/figure>\n<\/div>\n\n\n\n<div class=\"wp-block-column is-layout-flow wp-block-column-is-layout-flow\">\n<figure class=\"wp-block-image size-large is-resized epb-animation-fadeInLeft epb-duration-2000ms\"><img decoding=\"async\" src=\"https:\/\/mkpl.co.jp\/de\/wp-content\/uploads\/2022\/04\/\u753b\u50cf5.png\" alt=\"\" style=\"height:256px\"\/><\/figure>\n<\/div>\n<\/div>\n<\/div>\n<\/div>\n\n\n\n<figure class=\"wp-block-table is-style-table__responsive\"><table><tbody><tr><td><strong>Umfang der Windenergieerzeugung<\/strong><\/td><td>Rotordurchmesser: 80-170 m \u00e4quivalente Gr\u00f6\u00dfe<\/td><\/tr><tr><td><strong>Defekte Spezies entdeckt<\/strong><\/td><td>Kantenkorrosion\/ Abbl\u00e4ttern des GFK-Klebstoffs\/ Haarrisse\/ Nadell\u00f6cher\/ Blitzschlagsch\u00e4den usw.<\/td><\/tr><tr><td><strong>Kamera-Aufl\u00f6sung<\/strong><\/td><td>0.25mm @100m<\/td><\/tr><tr><td><strong>Kalibrierungsfunktion<\/strong><\/td><td>Einstellung des Rotormittelpunkts oder des Vorderkantenursprungs (nur bei der Ersteinrichtung, keine Schritt\u00e4nderung erforderlich)<\/td><\/tr><tr><td><strong>Camera Image Filter<\/strong><\/td><td>7 Typen (auch f\u00fcr nebliges Wetter)<\/td><\/tr><tr><td><strong>Gemessene Werte<\/strong><\/td><td>Abmessungen, Koordinaten, usw.<\/td><\/tr><\/tbody><\/table><\/figure>\n\n\n\n<h3 class=\"wp-block-heading\" id=\"\u30b4\u30e0\u6750\u62bc\u51fa\u6210\u578b\u30e9\u30a4\u30f3\u7528\u6b20\u9665\u691c\u51fa\u30a4\u30f3\u30e9\u30a4\u30f3\u30ab\u30e1\u30e9\">Inline-Kamera zur Defekterkennung f\u00fcr Gummiextrusionsanlagen<\/h3>\n\n\n\n<div class=\"wp-block-columns is-layout-flex wp-container-core-columns-is-layout-28f84493 wp-block-columns-is-layout-flex\">\n<div class=\"wp-block-column is-layout-flow wp-block-column-is-layout-flow\" style=\"flex-basis:33.33%\">\n<figure class=\"wp-block-image size-large epb-animation-fadeInLeft epb-duration-1000ms\"><img decoding=\"async\" src=\"https:\/\/mkpl.co.jp\/de\/wp-content\/uploads\/2022\/04\/\u753b\u50cf6.png\" alt=\"\"\/><\/figure>\n<\/div>\n\n\n\n<div class=\"wp-block-column is-layout-flow wp-block-column-is-layout-flow\" style=\"flex-basis:66.66%\">\n<figure class=\"wp-block-table is-style-table__responsive\"><table><tbody><tr><td><strong>Maximale Leitungs\u00fcbertragungsgeschwindigkeit<\/strong><\/td><td>Ca. 500mm\/Sek.<\/td><\/tr><tr><td><strong>Maximale Verarbeitungsgeschwindigkeit<\/strong><\/td><td>12-15fps<\/td><\/tr><tr><td><strong>Definition des Erfassungsbereichs<\/strong><\/td><td>Es k\u00f6nnen bis zu 8 Stellen angegeben werden (Mitte\/rechtes Ende\/linkes Ende des Gummimaterials, usw.)<\/td><\/tr><tr><td><strong>Verriegelung mit Ger\u00e4ten PLC<\/strong><\/td><td>Es kann ein Fehlererkennungsalarm ausgegeben werden<\/td><\/tr><\/tbody><\/table><\/figure>\n<\/div>\n<\/div>\n\n\n\n<h3 class=\"wp-block-heading\" id=\"\u4eee\u79f0-co-processor\">Co-Prozessor (vorl\u00e4ufiger Name)<\/h3>\n\n\n\n<div class=\"wp-block-columns is-layout-flex wp-container-core-columns-is-layout-28f84493 wp-block-columns-is-layout-flex\">\n<div class=\"wp-block-column is-layout-flow wp-block-column-is-layout-flow\" style=\"flex-basis:33.33%\">\n<figure class=\"wp-block-image size-large epb-animation-fadeInLeft epb-duration-1000ms\"><img decoding=\"async\" src=\"https:\/\/mkpl.co.jp\/de\/wp-content\/uploads\/2022\/04\/\u753b\u50cf7.png\" alt=\"\"\/><\/figure>\n<\/div>\n\n\n\n<div class=\"wp-block-column is-layout-flow wp-block-column-is-layout-flow\" style=\"flex-basis:66.66%\"><\/div>\n<\/div>\n","protected":false},"excerpt":{"rendered":"<p>Tachyssema-Entwicklung SARL Standort 414Rue de la Decouverte, Immeuble Innopolis Hall A-31670 Labege FRANCE \u00dcb [&hellip;]<\/p>\n","protected":false},"author":1,"featured_media":0,"parent":0,"menu_order":0,"comment_status":"closed","ping_status":"closed","template":"","meta":{"footnotes":""},"class_list":["post-258","page","type-page","status-publish","hentry"],"_links":{"self":[{"href":"https:\/\/mkpl.co.jp\/de\/wp-json\/wp\/v2\/pages\/258","targetHints":{"allow":["GET"]}}],"collection":[{"href":"https:\/\/mkpl.co.jp\/de\/wp-json\/wp\/v2\/pages"}],"about":[{"href":"https:\/\/mkpl.co.jp\/de\/wp-json\/wp\/v2\/types\/page"}],"author":[{"embeddable":true,"href":"https:\/\/mkpl.co.jp\/de\/wp-json\/wp\/v2\/users\/1"}],"replies":[{"embeddable":true,"href":"https:\/\/mkpl.co.jp\/de\/wp-json\/wp\/v2\/comments?post=258"}],"version-history":[{"count":28,"href":"https:\/\/mkpl.co.jp\/de\/wp-json\/wp\/v2\/pages\/258\/revisions"}],"predecessor-version":[{"id":488,"href":"https:\/\/mkpl.co.jp\/de\/wp-json\/wp\/v2\/pages\/258\/revisions\/488"}],"wp:attachment":[{"href":"https:\/\/mkpl.co.jp\/de\/wp-json\/wp\/v2\/media?parent=258"}],"curies":[{"name":"wp","href":"https:\/\/api.w.org\/{rel}","templated":true}]}}