{"id":557,"date":"2025-12-09T14:42:24","date_gmt":"2025-12-09T05:42:24","guid":{"rendered":"https:\/\/mkpl.co.jp\/de\/?page_id=557"},"modified":"2025-12-09T14:44:48","modified_gmt":"2025-12-09T05:44:48","slug":"products","status":"publish","type":"page","link":"https:\/\/mkpl.co.jp\/de\/products\/","title":{"rendered":"Produkte"},"content":{"rendered":"\n<h3 class=\"wp-block-heading\">Design modularer Batterieeinheiten<\/h3>\n\n\n\n<figure class=\"wp-block-image size-full\"><img decoding=\"async\" src=\"https:\/\/mkpl.co.jp\/wp\/wp-content\/uploads\/2025\/12\/Powerful-battery-for-solar-energy_-Durable-design-and-stable-power-supply_.jpg\" alt=\"\" class=\"wp-image-736\"\/><\/figure>\n\n\n\n<p>Wir entwickeln effiziente und nachhaltige Energiespeicherl\u00f6sungen f\u00fcr ein breites Spektrum industrieller Anwendungen<br>und bieten zuverl\u00e4ssige, langlebige Energie, die auf jeden Anwendungsfall zugeschnitten ist.<\/p>\n\n\n\n<p><a href=\"https:\/\/www.emplus.at\/products\" target=\"_blank\" rel=\"noreferrer noopener\"><\/a><\/p>\n\n\n\n<div class=\"wp-block-columns is-layout-flex wp-container-core-columns-is-layout-28f84493 wp-block-columns-is-layout-flex\">\n<div class=\"wp-block-column is-layout-flow wp-block-column-is-layout-flow\">\n<h3 class=\"wp-block-heading\">Containerisierte Energiespeicheranwendungen<\/h3>\n\n\n\n<figure class=\"wp-block-image size-large\"><img decoding=\"async\" src=\"https:\/\/mkpl.co.jp\/wp\/wp-content\/uploads\/2025\/12\/3285a1_accae915bd104149ac5d06688182f779mv2-1024x1013.jpg\" alt=\"\" class=\"wp-image-739\"\/><\/figure>\n\n\n\n<p>Ein containerisiertes Batteriespeichersystem ist eine modulare L\u00f6sung, die gro\u00dfe wiederaufladbare Batterien in einem Transportcontainer unterbringt.<br>Es ist f\u00fcr den schnellen Einsatz, hohe Skalierbarkeit und eine einfache Verlegung an den ben\u00f6tigten Standort ausgelegt.<\/p>\n\n\n\n<p>Diese Systeme sind besonders effektiv f\u00fcr die Netzstabilisierung, die effiziente Integration erneuerbarer Energiequellen wie Solar- und Windenergie sowie die Bereitstellung von Notstrom bei Ausf\u00e4llen.<\/p>\n<\/div>\n\n\n\n<div class=\"wp-block-column is-layout-flow wp-block-column-is-layout-flow\">\n<h3 class=\"wp-block-heading\"><strong>Energiespeicherl\u00f6sungen im industriellen Ma\u00dfstab<\/strong><\/h3>\n\n\n\n<figure class=\"wp-block-image size-full\"><img decoding=\"async\" src=\"https:\/\/mkpl.co.jp\/wp\/wp-content\/uploads\/2025\/12\/Installation.jpg\" alt=\"\" class=\"wp-image-740\"\/><\/figure>\n\n\n\n<p>Industrielle und private Batteriespeichersysteme sind f\u00fcr unterschiedliche Anwendungen und Gr\u00f6\u00dfenordnungen ausgelegt, speichern Elektrizit\u00e4t und stellen sie bei Bedarf zur Verf\u00fcgung.<\/p>\n\n\n\n<p>Industrielle Gro\u00dfspeichersysteme unterst\u00fctzen hohe Leistungsanforderungen, wie sie in Fabriken, Gewerbeanlagen und auf Gemeinschaftsebene auftreten. Sie verbessern die Netzstabilit\u00e4t, senken Spitzenstromkosten und erm\u00f6glichen die effiziente Integration erneuerbarer Energiequellen wie Solar- und Windenergie.<\/p>\n<\/div>\n<\/div>\n\n\n\n<h3 class=\"wp-block-heading\">Leistungsspezifikationen<\/h3>\n\n\n\n<p>Wir analysieren die wichtigsten Energiespeichertechnologien unter Verwendung der Vanadium-Festk\u00f6rperbatterie (VSB) als unsere Kerntechnologie.<br>Zu den repr\u00e4sentativen Speichertechnologien geh\u00f6ren VSB, VRB (Vanadium-Redox-Batterie) und LFP (Lithium-Eisenphosphat).<\/p>\n\n\n\n<p>Das Diagramm zeigt in einem visuellen Vergleich die Bereiche, in denen die VSB klare Vorteile gegen\u00fcber den anderen Technologien aufweist.<\/p>\n\n\n\n<figure class=\"wp-block-image size-full\"><img decoding=\"async\" src=\"https:\/\/mkpl.co.jp\/wp\/wp-content\/uploads\/2025\/12\/2025-07-12-231118.jpg\" alt=\"\" class=\"wp-image-742\"\/><\/figure>\n\n\n\n<figure class=\"wp-block-image size-full\"><img decoding=\"async\" src=\"https:\/\/mkpl.co.jp\/wp\/wp-content\/uploads\/2025\/12\/IMG_5594.jpg\" alt=\"\" class=\"wp-image-744\"\/><\/figure>\n\n\n\n<figure class=\"wp-block-image size-full\"><img decoding=\"async\" src=\"https:\/\/mkpl.co.jp\/wp\/wp-content\/uploads\/2025\/12\/IMG_5597.jpg\" alt=\"\" class=\"wp-image-745\"\/><\/figure>\n","protected":false},"excerpt":{"rendered":"<p>Design modularer Batterieeinheiten Wir entwickeln effiziente und nachhaltige Energiespeicherl\u00f6sungen f\u00fcr ein b [&hellip;]<\/p>\n","protected":false},"author":1,"featured_media":177,"parent":0,"menu_order":0,"comment_status":"closed","ping_status":"closed","template":"","meta":{"footnotes":""},"class_list":["post-557","page","type-page","status-publish","has-post-thumbnail","hentry"],"_links":{"self":[{"href":"https:\/\/mkpl.co.jp\/de\/wp-json\/wp\/v2\/pages\/557","targetHints":{"allow":["GET"]}}],"collection":[{"href":"https:\/\/mkpl.co.jp\/de\/wp-json\/wp\/v2\/pages"}],"about":[{"href":"https:\/\/mkpl.co.jp\/de\/wp-json\/wp\/v2\/types\/page"}],"author":[{"embeddable":true,"href":"https:\/\/mkpl.co.jp\/de\/wp-json\/wp\/v2\/users\/1"}],"replies":[{"embeddable":true,"href":"https:\/\/mkpl.co.jp\/de\/wp-json\/wp\/v2\/comments?post=557"}],"version-history":[{"count":2,"href":"https:\/\/mkpl.co.jp\/de\/wp-json\/wp\/v2\/pages\/557\/revisions"}],"predecessor-version":[{"id":559,"href":"https:\/\/mkpl.co.jp\/de\/wp-json\/wp\/v2\/pages\/557\/revisions\/559"}],"wp:featuredmedia":[{"embeddable":true,"href":"https:\/\/mkpl.co.jp\/de\/wp-json\/wp\/v2\/media\/177"}],"wp:attachment":[{"href":"https:\/\/mkpl.co.jp\/de\/wp-json\/wp\/v2\/media?parent=557"}],"curies":[{"name":"wp","href":"https:\/\/api.w.org\/{rel}","templated":true}]}}