{"id":258,"date":"2022-04-06T13:46:47","date_gmt":"2022-04-06T04:46:47","guid":{"rendered":"https:\/\/mkplus-evtol.com\/?page_id=258"},"modified":"2024-05-12T02:07:06","modified_gmt":"2024-05-11T17:07:06","slug":"tachyssema","status":"publish","type":"page","link":"https:\/\/mkpl.co.jp\/es\/tachyssema\/","title":{"rendered":"Tachyssema"},"content":{"rendered":"\n<h2 class=\"wp-block-heading\">Tachyssema Developpment SARL<\/h2>\n\n\n\n<figure class=\"wp-block-image aligncenter size-large epb-animation-fadeInUp epb-duration-1000ms\"><img decoding=\"async\" src=\"https:\/\/mkpl.co.jp\/es\/wp-content\/uploads\/2022\/04\/\u753b\u50cf1.png\" alt=\"\"\/><\/figure>\n\n\n\n<div class=\"wp-block-columns is-layout-flex wp-container-core-columns-is-layout-28f84493 wp-block-columns-is-layout-flex\">\n<div class=\"wp-block-column is-layout-flow wp-block-column-is-layout-flow\" style=\"flex-basis:100%\">\n<div class=\"wp-block-columns are-vertically-aligned-center is-layout-flex wp-container-core-columns-is-layout-28f84493 wp-block-columns-is-layout-flex\">\n<div class=\"wp-block-column is-vertically-aligned-center is-layout-flow wp-block-column-is-layout-flow\" style=\"flex-basis:100%\">\n<div class=\"wp-block-columns is-layout-flex wp-container-core-columns-is-layout-28f84493 wp-block-columns-is-layout-flex\">\n<div class=\"wp-block-column is-vertically-aligned-center is-layout-flow wp-block-column-is-layout-flow\" style=\"flex-basis:100%\">\n<div class=\"wp-block-group is-layout-flow wp-block-group-is-layout-flow\">\n<figure class=\"wp-block-table alignwide is-style-table__side has-normal-font-size\"><table><tbody><tr><td class=\"has-text-align-center\" data-align=\"center\"><strong>Ubicaci\u00f3n.<\/strong><\/td><td>414Rue de la Decouverte, Immeuble Innopolis Hall A-31670 Labege FRANCE<\/td><\/tr><tr><td class=\"has-text-align-center\" data-align=\"center\"><strong>Perfil de la empresa<\/strong><\/td><td>Tachyssema se fund\u00f3 hace 13 a\u00f1os como empresa de dise\u00f1o de circuitos electr\u00f3nicos a medida con sede en la meca aeroespacial de Toulouse (Francia). La empresa es un socio de desarrollo para clientes en tecnolog\u00eda de procesamiento de im\u00e1genes y procesamiento &#8220;en tiempo real&#8221; de m\u00faltiples se\u00f1ales anal\u00f3gicas y digitales, y cuenta con una amplia experiencia en la industria aeroespacial, la industria de energ\u00edas renovables, equipos industriales generales y de precisi\u00f3n y la industria de conformado de materiales. La empresa tiene una amplia experiencia en las industrias aeroespacial, de energ\u00edas renovables, de equipos industriales generales y de precisi\u00f3n y de conformado de materiales.<\/td><\/tr><tr><td class=\"has-text-align-center\" data-align=\"center\"><strong>\uff35\uff32\uff2c<\/strong><\/td><td><a href=\"https:\/\/tachyssema.fr\/en\/\" target=\"_blank\" rel=\"noreferrer noopener\">https:\/\/tachyssema.fr\/en\/<\/a><\/td><\/tr><\/tbody><\/table><\/figure>\n<\/div>\n<\/div>\n<\/div>\n<\/div>\n<\/div>\n<\/div>\n<\/div>\n\n\n\n<h3 class=\"wp-block-heading\">tecnolog\u00eda central<\/h3>\n\n\n\n<div class=\"wp-block-columns is-layout-flex wp-container-core-columns-is-layout-28f84493 wp-block-columns-is-layout-flex\">\n<div class=\"wp-block-column is-layout-flow wp-block-column-is-layout-flow\">\n<figure class=\"wp-block-image aligncenter size-large epb-animation-fadeInLeft epb-duration-1000ms\"><img decoding=\"async\" src=\"https:\/\/mkpl.co.jp\/es\/wp-content\/uploads\/2022\/04\/\u753b\u50cf2.png\" alt=\"\"\/><\/figure>\n<\/div>\n\n\n\n<div class=\"wp-block-column is-layout-flow wp-block-column-is-layout-flow\">\n<figure class=\"wp-block-image aligncenter size-large epb-animation-fadeInLeft epb-duration-2000ms\"><img decoding=\"async\" src=\"https:\/\/mkpl.co.jp\/es\/wp-content\/uploads\/2022\/04\/\u753b\u50cf3.png\" alt=\"\"\/><\/figure>\n<\/div>\n<\/div>\n\n\n\n<h4 class=\"wp-block-heading\">Dise\u00f1o de arquitecturas basadas en FPGA<\/h4>\n\n\n\n<ul class=\"wp-block-list\">\n<li>Reescritura flexible de circuitos para el ensayo y error de las especificaciones durante la fase de desarrollo<\/li>\n\n\n\n<li>Contribuye a reducir el consumo de energ\u00eda de las operaciones del circuito en comparaci\u00f3n con &#8220;CPU + memoria&#8221;.<\/li>\n<\/ul>\n\n\n\n<h4 class=\"wp-block-heading\">dise\u00f1o integrado<\/h4>\n\n\n\n<p>Ayuda para la selecci\u00f3n de componentes electr\u00f3nicos y el dise\u00f1o de la estructura del hardware en funci\u00f3n del coste de fabricaci\u00f3n, el tama\u00f1o externo y la simplicidad estructural requeridos.<\/p>\n\n\n\n<h3 class=\"wp-block-heading\">estudio monogr\u00e1fico<\/h3>\n\n\n\n<figure class=\"wp-block-image size-large epb-animation-fadeInUp epb-duration-1000ms\"><img decoding=\"async\" src=\"https:\/\/mkpl.co.jp\/es\/wp-content\/uploads\/2022\/04\/graph-min-scaled.jpg\" alt=\"\"\/><\/figure>\n\n\n\n<h3 class=\"wp-block-heading\">Productos y servicios<\/h3>\n\n\n\n<h4 class=\"wp-block-heading\">C\u00e1maras para detectar defectos en las palas de las instalaciones e\u00f3licas.<\/h4>\n\n\n\n<div class=\"wp-block-columns is-layout-flex wp-container-core-columns-is-layout-28f84493 wp-block-columns-is-layout-flex\">\n<div class=\"wp-block-column is-layout-flow wp-block-column-is-layout-flow\" style=\"flex-basis:100%\">\n<div class=\"wp-block-columns is-layout-flex wp-container-core-columns-is-layout-28f84493 wp-block-columns-is-layout-flex\">\n<div class=\"wp-block-column is-layout-flow wp-block-column-is-layout-flow\">\n<figure class=\"wp-block-image aligncenter size-large is-resized epb-animation-fadeInLeft epb-duration-1000ms\"><img decoding=\"async\" src=\"https:\/\/mkpl.co.jp\/es\/wp-content\/uploads\/2022\/04\/\u753b\u50cf4.png\" alt=\"\" style=\"width:355px;height:256px\"\/><\/figure>\n<\/div>\n\n\n\n<div class=\"wp-block-column is-layout-flow wp-block-column-is-layout-flow\">\n<figure class=\"wp-block-image size-large is-resized epb-animation-fadeInLeft epb-duration-2000ms\"><img decoding=\"async\" src=\"https:\/\/mkpl.co.jp\/es\/wp-content\/uploads\/2022\/04\/\u753b\u50cf5.png\" alt=\"\" style=\"height:256px\"\/><\/figure>\n<\/div>\n<\/div>\n<\/div>\n<\/div>\n\n\n\n<figure class=\"wp-block-table is-style-table__side\"><table><tbody><tr><td><strong>Escala de generaci\u00f3n e\u00f3lica objetivo<\/strong><\/td><td>Di\u00e1metro del rotor: 80-170 m equivalente<\/td><\/tr><tr><td><strong>especies de falla detectadas<\/strong><\/td><td>Corrosi\u00f3n de los bordes\/desprendimiento del adhesivo de PRFV\/grietas finas\/agujeros de alfiler\/da\u00f1os por rayos, etc.<\/td><\/tr><tr><td><strong>Resoluci\u00f3n de la c\u00e1mara<\/strong><\/td><td>0.25mm @100m<\/td><\/tr><tr><td><strong>Funci\u00f3n de calibraci\u00f3n<\/strong><\/td><td>Ajuste del centro del rotor o del origen del borde de ataque (s\u00f3lo para la configuraci\u00f3n inicial, no se requiere cambio de paso).<\/td><\/tr><tr><td><strong>filtro de imagen de la c\u00e1mara<\/strong><\/td><td>7 tipos (tambi\u00e9n para la niebla).<\/td><\/tr><tr><td><strong>\u8a08\u6e2c\u6570\u5024<\/strong><\/td><td>Dimensiones, coordenadas, etc.<\/td><\/tr><\/tbody><\/table><\/figure>\n\n\n\n<h3 class=\"wp-block-heading\">C\u00e1mara en l\u00ednea de detecci\u00f3n de defectos para l\u00edneas de moldeo por extrusi\u00f3n de caucho.<\/h3>\n\n\n\n<div class=\"wp-block-columns is-layout-flex wp-container-core-columns-is-layout-28f84493 wp-block-columns-is-layout-flex\">\n<div class=\"wp-block-column is-layout-flow wp-block-column-is-layout-flow\" style=\"flex-basis:33.33%\">\n<figure class=\"wp-block-image size-large epb-animation-fadeInLeft epb-duration-1000ms\"><img decoding=\"async\" src=\"https:\/\/mkpl.co.jp\/es\/wp-content\/uploads\/2022\/04\/\u753b\u50cf6.png\" alt=\"\"\/><\/figure>\n<\/div>\n\n\n\n<div class=\"wp-block-column is-layout-flow wp-block-column-is-layout-flow\" style=\"flex-basis:66.66%\">\n<figure class=\"wp-block-table is-style-table__side\"><table><tbody><tr><td><strong>Velocidad m\u00e1xima de transferencia de l\u00ednea<\/strong><\/td><td>Aprox. 500 mm por segundo<\/td><\/tr><tr><td><strong>m\u00e1xima velocidad de procesamiento<\/strong><\/td><td>12-15fps<\/td><\/tr><tr><td><strong>Definici\u00f3n del \u00e1rea de detecci\u00f3n<\/strong><\/td><td>Se pueden especificar hasta 8 ubicaciones (centro\/extremo derecho\/extremo izquierdo del material de goma, etc.).<\/td><\/tr><tr><td><strong>Vinculado al equipo PLC<\/strong><\/td><td>Se puede emitir una alarma de detecci\u00f3n de fallos<\/td><\/tr><\/tbody><\/table><\/figure>\n<\/div>\n<\/div>\n\n\n\n<h3 class=\"wp-block-heading\">(Nombre provisional) Co-Processor<\/h3>\n\n\n\n<div class=\"wp-block-columns is-layout-flex wp-container-core-columns-is-layout-28f84493 wp-block-columns-is-layout-flex\">\n<div class=\"wp-block-column is-layout-flow wp-block-column-is-layout-flow\" style=\"flex-basis:33.33%\">\n<figure class=\"wp-block-image size-large epb-animation-fadeInLeft epb-duration-1000ms\"><img decoding=\"async\" src=\"https:\/\/mkpl.co.jp\/es\/wp-content\/uploads\/2022\/04\/\u753b\u50cf7.png\" alt=\"\"\/><\/figure>\n<\/div>\n\n\n\n<div class=\"wp-block-column is-layout-flow wp-block-column-is-layout-flow\" style=\"flex-basis:66.66%\"><\/div>\n<\/div>\n","protected":false},"excerpt":{"rendered":"<p>Tachyssema Developpment SARL Ubicaci\u00f3n. 414Rue de la Decouverte, Immeuble Innopolis Hall A-31670 Labege FRANCE [&hellip;]<\/p>\n","protected":false},"author":1,"featured_media":0,"parent":0,"menu_order":0,"comment_status":"closed","ping_status":"closed","template":"","meta":{"footnotes":""},"class_list":["post-258","page","type-page","status-publish","hentry"],"_links":{"self":[{"href":"https:\/\/mkpl.co.jp\/es\/wp-json\/wp\/v2\/pages\/258","targetHints":{"allow":["GET"]}}],"collection":[{"href":"https:\/\/mkpl.co.jp\/es\/wp-json\/wp\/v2\/pages"}],"about":[{"href":"https:\/\/mkpl.co.jp\/es\/wp-json\/wp\/v2\/types\/page"}],"author":[{"embeddable":true,"href":"https:\/\/mkpl.co.jp\/es\/wp-json\/wp\/v2\/users\/1"}],"replies":[{"embeddable":true,"href":"https:\/\/mkpl.co.jp\/es\/wp-json\/wp\/v2\/comments?post=258"}],"version-history":[{"count":27,"href":"https:\/\/mkpl.co.jp\/es\/wp-json\/wp\/v2\/pages\/258\/revisions"}],"predecessor-version":[{"id":531,"href":"https:\/\/mkpl.co.jp\/es\/wp-json\/wp\/v2\/pages\/258\/revisions\/531"}],"wp:attachment":[{"href":"https:\/\/mkpl.co.jp\/es\/wp-json\/wp\/v2\/media?parent=258"}],"curies":[{"name":"wp","href":"https:\/\/api.w.org\/{rel}","templated":true}]}}