{"id":298,"date":"2022-04-06T18:19:48","date_gmt":"2022-04-06T09:19:48","guid":{"rendered":"https:\/\/mkplus-evtol.com\/?page_id=298"},"modified":"2025-12-09T15:48:57","modified_gmt":"2025-12-09T06:48:57","slug":"vsb","status":"publish","type":"page","link":"https:\/\/mkpl.co.jp\/es\/vsb\/","title":{"rendered":"Nuevos proyectos de desarrollo de bater\u00edas"},"content":{"rendered":"\n<h3 class=\"wp-block-heading\">Se est\u00e1n desarrollando bater\u00edas que no son de iones de litio.<\/h3>\n\n\n\n<figure class=\"wp-block-embed is-type-video is-provider-youtube wp-block-embed-youtube wp-embed-aspect-16-9 wp-has-aspect-ratio\"><div class=\"wp-block-embed__wrapper\">\n<iframe loading=\"lazy\" title=\"Vanadium solid battery\" width=\"780\" height=\"439\" src=\"https:\/\/www.youtube.com\/embed\/f6Ut896Lkx4?feature=oembed\" frameborder=\"0\" allow=\"accelerometer; autoplay; clipboard-write; encrypted-media; gyroscope; picture-in-picture; web-share\" referrerpolicy=\"strict-origin-when-cross-origin\" allowfullscreen><\/iframe>\n<\/div><\/figure>\n\n\n\n<p>En los \u00faltimos a\u00f1os ha aumentado el inter\u00e9s mundial por las cuestiones medioambientales, y se est\u00e1n desarrollando bater\u00edas que no son de iones de litio como posible baza para reducir las emisiones de CO2.<\/p>\n\n\n\n<p>En particular, el potencial de las bater\u00edas de vanadio de estado s\u00f3lido, con su rendimiento superior, es una tecnolog\u00eda revolucionaria en la industria de las bater\u00edas de almacenamiento.<\/p>\n\n\n\n<figure class=\"wp-block-embed is-type-video is-provider-youtube wp-block-embed-youtube wp-embed-aspect-16-9 wp-has-aspect-ratio\"><div class=\"wp-block-embed__wrapper\">\n<iframe loading=\"lazy\" title=\"Vanadium solid-state batteries for efficient storage of surplus electricity\" width=\"780\" height=\"439\" src=\"https:\/\/www.youtube.com\/embed\/irxz0lYJZUc?feature=oembed\" frameborder=\"0\" allow=\"accelerometer; autoplay; clipboard-write; encrypted-media; gyroscope; picture-in-picture; web-share\" referrerpolicy=\"strict-origin-when-cross-origin\" allowfullscreen><\/iframe>\n<\/div><\/figure>\n\n\n\n<h3 class=\"wp-block-heading\">Caracter\u00edsticas de la tecnolog\u00eda de pilas de vanadio de estado s\u00f3lido.<\/h3>\n\n\n\n<figure class=\"wp-block-table is-style-table__side\"><table><tbody><tr><td><strong>No explosivo, No comburente<\/strong><\/td><td>No requiere sistema de refrigeraci\u00f3n.<\/td><\/tr><tr><td><strong>Larga vida<\/strong><\/td><td>Vida casi eterna, 15.000 veces sin degradaci\u00f3n en pruebas aceleradas.<\/td><\/tr><tr><td><strong>Carga\/descarga de corta duraci\u00f3n<\/strong><br><strong>(m\u00e1s de 50 veces m\u00e1s que las bater\u00edas existentes)<\/strong><\/td><td>200C en el campo de visi\u00f3n.<br>Tambi\u00e9n es posible una alta potencia de salida.<\/td><\/tr><tr><td><strong>Construcci\u00f3n sencilla<\/strong><\/td><td>El vanadio es un metal no raro los costes de producci\u00f3n son aproximadamente la 1\/20 parte de los de las bater\u00edas actuales.<\/td><\/tr><\/tbody><\/table><\/figure>\n\n\n\n<h3 class=\"wp-block-heading\">Aplicaciones de la tecnolog\u00eda de pilas de estado s\u00f3lido de vanadio.<\/h3>\n\n\n\n<figure class=\"wp-block-table is-style-table__side\"><table><tbody><tr><td><strong>Principales aplicaciones.<\/strong><\/td><td>Bater\u00edas de almacenamiento industrial para empresas el\u00e9ctricas<\/td><\/tr><tr><td><strong>Objetivos de futuro.<\/strong><\/td><td>Bater\u00edas dom\u00e9sticas, veh\u00edculos el\u00e9ctricos, coches voladores y veh\u00edculos espaciales.<\/td><\/tr><\/tbody><\/table><\/figure>\n\n\n\n<h3 class=\"wp-block-heading\">Nuestra empresa fue presentada como caso de \u00e9xito por Tohoku Techno Arch.<\/h3>\n\n\n\n<p>Nuestra empresa aparece como caso de \u00e9xito en Tohoku Techno Arch.<\/p>\n\n\n\n<p>Para m\u00e1s informaci\u00f3n, <a href=\"https:\/\/www.t-technoarch.com\/content\/licence_1068.html\" target=\"_blank\" rel=\"noreferrer noopener\">consulte el sitio web de Tohoku Techno Arch.<\/a><\/p>\n","protected":false},"excerpt":{"rendered":"<p>Se est\u00e1n desarrollando bater\u00edas que no son de iones de litio. En los \u00faltimos a\u00f1os ha aumentado el inter\u00e9s mund [&hellip;]<\/p>\n","protected":false},"author":1,"featured_media":177,"parent":0,"menu_order":0,"comment_status":"closed","ping_status":"closed","template":"","meta":{"footnotes":""},"class_list":["post-298","page","type-page","status-publish","has-post-thumbnail","hentry"],"_links":{"self":[{"href":"https:\/\/mkpl.co.jp\/es\/wp-json\/wp\/v2\/pages\/298","targetHints":{"allow":["GET"]}}],"collection":[{"href":"https:\/\/mkpl.co.jp\/es\/wp-json\/wp\/v2\/pages"}],"about":[{"href":"https:\/\/mkpl.co.jp\/es\/wp-json\/wp\/v2\/types\/page"}],"author":[{"embeddable":true,"href":"https:\/\/mkpl.co.jp\/es\/wp-json\/wp\/v2\/users\/1"}],"replies":[{"embeddable":true,"href":"https:\/\/mkpl.co.jp\/es\/wp-json\/wp\/v2\/comments?post=298"}],"version-history":[{"count":21,"href":"https:\/\/mkpl.co.jp\/es\/wp-json\/wp\/v2\/pages\/298\/revisions"}],"predecessor-version":[{"id":568,"href":"https:\/\/mkpl.co.jp\/es\/wp-json\/wp\/v2\/pages\/298\/revisions\/568"}],"wp:featuredmedia":[{"embeddable":true,"href":"https:\/\/mkpl.co.jp\/es\/wp-json\/wp\/v2\/media\/177"}],"wp:attachment":[{"href":"https:\/\/mkpl.co.jp\/es\/wp-json\/wp\/v2\/media?parent=298"}],"curies":[{"name":"wp","href":"https:\/\/api.w.org\/{rel}","templated":true}]}}