{"id":601,"date":"2025-12-09T16:05:38","date_gmt":"2025-12-09T07:05:38","guid":{"rendered":"https:\/\/mkpl.co.jp\/es\/?page_id=601"},"modified":"2025-12-10T01:09:14","modified_gmt":"2025-12-09T16:09:14","slug":"products","status":"publish","type":"page","link":"https:\/\/mkpl.co.jp\/es\/products\/","title":{"rendered":"Productos"},"content":{"rendered":"\n<h3 class=\"wp-block-heading\">Dise\u00f1o de unidades modulares de bater\u00edas<\/h3>\n\n\n\n<figure class=\"wp-block-image size-full\"><img decoding=\"async\" src=\"https:\/\/mkpl.co.jp\/wp\/wp-content\/uploads\/2025\/12\/Powerful-battery-for-solar-energy_-Durable-design-and-stable-power-supply_.jpg\" alt=\"\" class=\"wp-image-736\"\/><\/figure>\n\n\n\n<p>Desarrollamos soluciones de almacenamiento de energ\u00eda eficientes y sostenibles para una amplia variedad de aplicaciones industriales,<br>proporcionando energ\u00eda fiable y de larga duraci\u00f3n adaptada a cada caso de uso.<\/p>\n\n\n\n<p><a href=\"https:\/\/www.emplus.at\/products\" target=\"_blank\" rel=\"noreferrer noopener\"><\/a><\/p>\n\n\n\n<div class=\"wp-block-columns is-layout-flex wp-container-core-columns-is-layout-28f84493 wp-block-columns-is-layout-flex\">\n<div class=\"wp-block-column is-layout-flow wp-block-column-is-layout-flow\">\n<h3 class=\"wp-block-heading\">Aplicaciones de almacenamiento de energ\u00eda en contenedores<\/h3>\n\n\n\n<figure class=\"wp-block-image size-large\"><img decoding=\"async\" src=\"https:\/\/mkpl.co.jp\/wp\/wp-content\/uploads\/2025\/12\/3285a1_accae915bd104149ac5d06688182f779mv2-1024x1013.jpg\" alt=\"\" class=\"wp-image-739\"\/><\/figure>\n\n\n\n<p>Un sistema de almacenamiento de energ\u00eda en bater\u00edas dentro de un contenedor es una soluci\u00f3n modular que aloja grandes bater\u00edas recargables en un contenedor de transporte.<br>Est\u00e1 dise\u00f1ado para un despliegue r\u00e1pido, alta escalabilidad y f\u00e1cil reubicaci\u00f3n en el lugar requerido.<\/p>\n\n\n\n<p>Estos sistemas son especialmente eficaces para la estabilizaci\u00f3n de la red, la integraci\u00f3n eficiente de fuentes de energ\u00eda renovable como la solar y la e\u00f3lica, y para proporcionar energ\u00eda de respaldo durante cortes el\u00e9ctricos.<\/p>\n<\/div>\n\n\n\n<div class=\"wp-block-column is-layout-flow wp-block-column-is-layout-flow\">\n<h3 class=\"wp-block-heading\"><strong>Soluciones de Almacenamiento de Energ\u00eda a Escala Industrial<\/strong><\/h3>\n\n\n\n<figure class=\"wp-block-image size-full\"><img decoding=\"async\" src=\"https:\/\/mkpl.co.jp\/wp\/wp-content\/uploads\/2025\/12\/Installation.jpg\" alt=\"\" class=\"wp-image-740\"\/><\/figure>\n\n\n\n<p>Los sistemas de almacenamiento de energ\u00eda con bater\u00edas industriales y residenciales est\u00e1n dise\u00f1ados para adaptarse a diversas aplicaciones y escalas, almacenando electricidad y suministr\u00e1ndola cuando es necesario.<\/p>\n\n\n\n<p>Los sistemas a escala industrial soportan grandes demandas de energ\u00eda, como f\u00e1bricas, instalaciones comerciales y operaciones a nivel comunitario.<br>Mejoran la estabilidad de la red, reducen los costos el\u00e9ctricos en horas pico y permiten una integraci\u00f3n eficiente de fuentes renovables como la solar y la e\u00f3lica.<\/p>\n<\/div>\n<\/div>\n\n\n\n<h3 class=\"wp-block-heading\">Especificaciones de rendimiento<\/h3>\n\n\n\n<p>Analizamos las principales tecnolog\u00edas de almacenamiento de energ\u00eda utilizando la bater\u00eda s\u00f3lida de vanadio (VSB) como nuestra tecnolog\u00eda central.<br>Las tecnolog\u00edas de almacenamiento representativas incluyen VSB, VRB (bater\u00eda de flujo redox de vanadio) y LFP (fosfato de hierro y litio).<\/p>\n\n\n\n<p>El diagrama muestra, mediante una comparaci\u00f3n visual, las \u00e1reas en las que la VSB presenta ventajas claras frente a las dem\u00e1s tecnolog\u00edas.<\/p>\n\n\n\n<figure class=\"wp-block-image size-full\"><img decoding=\"async\" src=\"https:\/\/mkpl.co.jp\/wp\/wp-content\/uploads\/2025\/12\/2025-07-12-231118.jpg\" alt=\"\" class=\"wp-image-742\"\/><\/figure>\n\n\n\n<figure class=\"wp-block-image size-full\"><img decoding=\"async\" src=\"https:\/\/mkpl.co.jp\/wp\/wp-content\/uploads\/2025\/12\/IMG_5594.jpg\" alt=\"\" class=\"wp-image-744\"\/><\/figure>\n\n\n\n<figure class=\"wp-block-image size-full\"><img decoding=\"async\" src=\"https:\/\/mkpl.co.jp\/wp\/wp-content\/uploads\/2025\/12\/IMG_5597.jpg\" alt=\"\" class=\"wp-image-745\"\/><\/figure>\n","protected":false},"excerpt":{"rendered":"<p>Dise\u00f1o de unidades modulares de bater\u00edas Desarrollamos soluciones de almacenamiento de energ\u00eda eficientes y so [&hellip;]<\/p>\n","protected":false},"author":1,"featured_media":177,"parent":0,"menu_order":0,"comment_status":"closed","ping_status":"closed","template":"","meta":{"footnotes":""},"class_list":["post-601","page","type-page","status-publish","has-post-thumbnail","hentry"],"_links":{"self":[{"href":"https:\/\/mkpl.co.jp\/es\/wp-json\/wp\/v2\/pages\/601","targetHints":{"allow":["GET"]}}],"collection":[{"href":"https:\/\/mkpl.co.jp\/es\/wp-json\/wp\/v2\/pages"}],"about":[{"href":"https:\/\/mkpl.co.jp\/es\/wp-json\/wp\/v2\/types\/page"}],"author":[{"embeddable":true,"href":"https:\/\/mkpl.co.jp\/es\/wp-json\/wp\/v2\/users\/1"}],"replies":[{"embeddable":true,"href":"https:\/\/mkpl.co.jp\/es\/wp-json\/wp\/v2\/comments?post=601"}],"version-history":[{"count":3,"href":"https:\/\/mkpl.co.jp\/es\/wp-json\/wp\/v2\/pages\/601\/revisions"}],"predecessor-version":[{"id":604,"href":"https:\/\/mkpl.co.jp\/es\/wp-json\/wp\/v2\/pages\/601\/revisions\/604"}],"wp:featuredmedia":[{"embeddable":true,"href":"https:\/\/mkpl.co.jp\/es\/wp-json\/wp\/v2\/media\/177"}],"wp:attachment":[{"href":"https:\/\/mkpl.co.jp\/es\/wp-json\/wp\/v2\/media?parent=601"}],"curies":[{"name":"wp","href":"https:\/\/api.w.org\/{rel}","templated":true}]}}