{"id":16,"date":"2021-02-03T23:25:45","date_gmt":"2021-02-03T14:25:45","guid":{"rendered":"http:\/\/illuminate-life.jp\/wp\/?page_id=16"},"modified":"2026-01-22T17:24:55","modified_gmt":"2026-01-22T08:24:55","slug":"company","status":"publish","type":"page","link":"https:\/\/mkpl.co.jp\/fr\/company\/","title":{"rendered":"A propos de nous"},"content":{"rendered":"\n<h2 class=\"wp-block-heading\" id=\"about-us\">A propos de nous<\/h2>\n\n\n\n<figure class=\"wp-block-table\"><table><tbody><tr><td>Nom de la soci\u00e9t\u00e9<\/td><td>MK PLUS Co., Ltd.<\/td><\/tr><tr><td>Adresse<\/td><td>[Main Office] 4F Kurax Sendai, 3-3-1 Ichibancho, Aoba Ward, Sendai, Miyagi<br>[Tokyo Branch] 5-1 Kabutocho, Chuo-ku, Tokyo Kabutocho Daiichi Heiwa Building<br>[Sendai Lab.] Aoba-6-3 Aramaki, Aoba Ward, Sendai, Miyagi<br>[Sendai 2nd Lab.] T-Biz Tohoku University Collaborative Business Incubator, Aoba-6-6 Aramaki, Aoba Ward, Sendai, Miyagi<\/td><\/tr><tr><td>Repr\u00e9sentant<\/td><td>Kazumasa Kurokawa<\/td><\/tr><tr><td>\u00c9tabli<\/td><td>24 juillet 2015<\/td><\/tr><tr><td>Fin de l&#8217;ann\u00e9e fiscalend<\/td><td>Juin<\/td><\/tr><tr><td>Employ\u00e9s<\/td><td>Japon : 14<br>Su\u00e8de : 34<br>\u00c9tats-Unis : 3<br>France : 1<br>Autriche : 2<\/td><\/tr><tr><td>Entreprise<\/td><td>D\u00e9veloppement de batteries au vanadium \u00e0 l&#8217;\u00e9tat solide<\/td><\/tr><tr><td>Nous contacter<\/td><td>T\u00c9L\uff1a+81-22-206-8109<br>FAX\uff1a+81-22-208-5281<\/td><\/tr><\/tbody><\/table><\/figure>\n\n\n\n<h4 class=\"wp-block-heading\" id=\"main-office\">[Bureau principal]<\/h4>\n\n\n\n<p class=\"epb-animation-fadeInUp epb-duration-1000ms\"><iframe loading=\"lazy\" style=\"border: 0;\" src=\"https:\/\/www.google.com\/maps\/embed?pb=!1m14!1m8!1m3!1d25062.738535047105!2d140.871926!3d38.259963!3m2!1i1024!2i768!4f13.1!3m3!1m2!1s0x0%3A0xe31877e573652f7d!2sRegus%20-%20Sendai%2C%20Kurax!5e0!3m2!1sfr!2sjp!4v1667449846372!5m2!1sfr!2sjp\" width=\"100%\" height=\"450\" allowfullscreen=\"allowfullscreen\"><\/iframe><\/p>\n\n\n\n<h4 class=\"wp-block-heading\" id=\"tokyo-branch\">[Branche de Tokyo]<\/h4>\n\n\n\n<p class=\"epb-animation-fadeInUp epb-duration-1000ms\"><iframe src=\"https:\/\/www.google.com\/maps\/embed?pb=!1m18!1m12!1m3!1d3240.7894758145135!2d139.7784579!3d35.6821854!2m3!1f0!2f0!3f0!3m2!1i1024!2i768!4f13.1!3m3!1m2!1s0x60188950aeffa0cf%3A0xe440ee3375c19bfc!2z5YWc55S656ys5LiA5bmz5ZKM44OT44Or!5e0!3m2!1sfr!2sjp!4v1758282498766!5m2!1sfr!2sjp\" width=\"100%\" height=\"450\" style=\"border:0;\" allowfullscreen=\"\" loading=\"lazy\" referrerpolicy=\"no-referrer-when-downgrade\"><\/iframe><\/p>\n\n\n\n<h4 class=\"wp-block-heading\" id=\"sendai-labo\">[Sendai Lab.]&nbsp;<\/h4>\n\n\n\n<p class=\"epb-animation-fadeInUp epb-duration-1000ms\"><iframe loading=\"lazy\" style=\"border: 0;\" src=\"https:\/\/www.google.com\/maps\/embed?pb=!1m14!1m8!1m3!1d6266.1013270671465!2d140.831827!3d38.255131!3m2!1i1024!2i768!4f13.1!3m3!1m2!1s0x5f8a290af883ea2b%3A0xe52a3ff1f5285084!2z5p2x5YyX5aSn5a2mIOODnuODhuODquOCouODq-ODu-OCpOODjuODmeODvOOCt-ODp-ODs-ODu-OCu-ODs-OCv-ODvA!5e0!3m2!1sfr!2sjp!4v1667449970025!5m2!1sfr!2sjp\" width=\"100%\" height=\"450\" allowfullscreen=\"allowfullscreen\"><\/iframe><\/p>\n\n\n\n<h4 class=\"wp-block-heading\" id=\"sendai-labo\">[Sendai 2nd Lab.]&nbsp;<\/h4>\n\n\n\n<iframe src=\"https:\/\/www.google.com\/maps\/embed?pb=!1m14!1m8!1m3!1d12532.14660340189!2d140.837321!3d38.255456!3m2!1i1024!2i768!4f13.1!3m3!1m2!1s0x5f8a28576eff5eff%3A0x32701fdcbef8a2b4!2sT-Biz!5e0!3m2!1sfr!2sjp!4v1690545793140!5m2!1sfr!2sjp\" width=\"100%\" height=\"450\" style=\"border:0;\" allowfullscreen=\"\" loading=\"lazy\" referrerpolicy=\"no-referrer-when-downgrade\"><\/iframe>\n\n\n\n<h2 class=\"wp-block-heading\">Entit\u00e9s \u00e9trang\u00e8res du groupe \/ Holdings<\/h2>\n\n\n\n<figure class=\"wp-block-video\"><video autoplay loop muted src=\"https:\/\/mkpl.co.jp\/wp\/wp-content\/uploads\/2026\/01\/file.mp4\" playsinline><\/video><\/figure>\n\n\n\n<figure class=\"wp-block-table\"><table><tbody><tr><td>Holding du groupe \/ Soci\u00e9t\u00e9 de t\u00eate<\/td><td>VANADIS ENERGY<\/td><\/tr><tr><td>Localisation<\/td><td>Pr\u00e9vue d\u2019\u00eatre \u00e9tablie au Luxembourg<\/td><\/tr><tr><td>Fondateur &amp; Directeur G\u00e9n\u00e9ral (CEO)<\/td><td>Kazumasa Kurokawa<\/td><\/tr><tr><td>Site web<\/td><td><a href=\"https:\/\/www.vanadisenergy.com\/\" target=\"_blank\" rel=\"noreferrer noopener\">https:\/\/www.vanadisenergy.com\/<\/a><\/td><\/tr><\/tbody><\/table><\/figure>\n\n\n\n<figure class=\"wp-block-table\"><table><tbody><tr><td>Filiale autrichienne (Si\u00e8ge \u00e0 Vienne)<\/td><td>EM PLUS GmbH<\/td><\/tr><tr><td>Adresse<\/td><td>Europastra\u00dfe 1 7540 G\u00fcssing Austria<\/td><\/tr><tr><td>CEO mondial<\/td><td>Kazumasa Kurokawa<\/td><\/tr><tr><td>Directeur ex\u00e9cutif \/ CEO<\/td><td>Rainer Svacinka<\/td><\/tr><tr><td>Site web<\/td><td><a rel=\"noreferrer noopener\" href=\"https:\/\/www.emplus.at\/\" target=\"_blank\">https:\/\/www.emplus.at\/<\/a><\/td><\/tr><\/tbody><\/table><\/figure>\n\n\n\n<figure class=\"wp-block-table\"><table><tbody><tr><td>Filiale su\u00e9doise (Site de production et de fabrication de masse)<\/td><td>Vanadis Energy Sweden AB<\/td><\/tr><tr><td>Adresse<\/td><td>Tallbacksgatan 11 B-C 195 72 Rosersberg Sweden<\/td><\/tr><tr><td>CEO mondial<\/td><td>Kazumasa Kurokawa<\/td><\/tr><tr><td>Site web<\/td><td><a href=\"https:\/\/www.vanadisenergy.com\/\" target=\"_blank\" rel=\"noreferrer noopener\">https:\/\/www.vanadisenergy.com\/<\/a><\/td><\/tr><\/tbody><\/table><\/figure>\n\n\n\n<figure class=\"wp-block-table\"><table><tbody><tr><td>Filiale fran\u00e7aise<\/td><td>POWERV SAS<\/td><\/tr><tr><td>Adresse<\/td><td>25 Marcel Issartier 33700 M\u00e9rignac France<\/td><\/tr><tr><td>CEO mondial<\/td><td>Kazumasa Kurokawa<\/td><\/tr><\/tbody><\/table><\/figure>\n\n\n\n<h3 class=\"wp-block-heading\">Un total de <strong>4,5 GWh<\/strong> de projets de d\u00e9ploiement sont actuellement en cours dans le monde entier<\/h3>\n\n\n\n<div class=\"wp-block-columns is-layout-flex wp-container-core-columns-is-layout-28f84493 wp-block-columns-is-layout-flex\">\n<div class=\"wp-block-column is-layout-flow wp-block-column-is-layout-flow\">\n<div class=\"wp-block-columns is-layout-flex wp-container-core-columns-is-layout-28f84493 wp-block-columns-is-layout-flex\">\n<div class=\"wp-block-column is-layout-flow wp-block-column-is-layout-flow\">\n<figure class=\"wp-block-image size-full\"><img decoding=\"async\" src=\"https:\/\/mkpl.co.jp\/wp\/wp-content\/uploads\/2025\/12\/EDF104.jpg\" alt=\"\" class=\"wp-image-721\"\/><\/figure>\n<\/div>\n<\/div>\n<\/div>\n\n\n\n<div class=\"wp-block-column is-layout-flow wp-block-column-is-layout-flow\">\n<figure class=\"wp-block-image size-full\"><img decoding=\"async\" src=\"https:\/\/mkpl.co.jp\/wp\/wp-content\/uploads\/2025\/12\/image8.jpg\" alt=\"\" class=\"wp-image-722\"\/><\/figure>\n<\/div>\n\n\n\n<div class=\"wp-block-column is-layout-flow wp-block-column-is-layout-flow\">\n<figure class=\"wp-block-image size-full\"><img decoding=\"async\" src=\"https:\/\/mkpl.co.jp\/wp\/wp-content\/uploads\/2025\/12\/image18.jpg\" alt=\"\" class=\"wp-image-723\"\/><\/figure>\n<\/div>\n\n\n\n<div class=\"wp-block-column is-layout-flow wp-block-column-is-layout-flow\">\n<figure class=\"wp-block-image size-full\"><img decoding=\"async\" src=\"https:\/\/mkpl.co.jp\/wp\/wp-content\/uploads\/2025\/12\/kowa-logo-png_seeklogo-442993.jpg\" alt=\"\" class=\"wp-image-724\"\/><\/figure>\n<\/div>\n\n\n\n<div class=\"wp-block-column is-layout-flow wp-block-column-is-layout-flow\">\n<figure class=\"wp-block-image size-full\"><img decoding=\"async\" src=\"https:\/\/mkpl.co.jp\/wp\/wp-content\/uploads\/2025\/12\/image12.jpg\" alt=\"\" class=\"wp-image-725\"\/><\/figure>\n<\/div>\n<\/div>\n\n\n\n<div class=\"wp-block-columns is-layout-flex wp-container-core-columns-is-layout-28f84493 wp-block-columns-is-layout-flex\">\n<div class=\"wp-block-column is-layout-flow wp-block-column-is-layout-flow\">\n<div class=\"wp-block-columns is-layout-flex wp-container-core-columns-is-layout-28f84493 wp-block-columns-is-layout-flex\">\n<div class=\"wp-block-column is-layout-flow wp-block-column-is-layout-flow\">\n<figure class=\"wp-block-image size-full\"><img decoding=\"async\" src=\"https:\/\/mkpl.co.jp\/wp\/wp-content\/uploads\/2025\/12\/MISA.jpg\" alt=\"\" class=\"wp-image-726\"\/><\/figure>\n<\/div>\n<\/div>\n<\/div>\n\n\n\n<div class=\"wp-block-column is-layout-flow wp-block-column-is-layout-flow\">\n<figure class=\"wp-block-image size-full\"><img decoding=\"async\" src=\"https:\/\/mkpl.co.jp\/wp\/wp-content\/uploads\/2025\/12\/image1.jpg\" alt=\"\" class=\"wp-image-727\"\/><\/figure>\n<\/div>\n\n\n\n<div class=\"wp-block-column is-layout-flow wp-block-column-is-layout-flow\">\n<figure class=\"wp-block-image size-full\"><img decoding=\"async\" src=\"https:\/\/mkpl.co.jp\/wp\/wp-content\/uploads\/2025\/12\/hipower_white_bg_edited.jpg\" alt=\"\" class=\"wp-image-728\"\/><\/figure>\n<\/div>\n\n\n\n<div class=\"wp-block-column is-layout-flow wp-block-column-is-layout-flow\">\n<figure class=\"wp-block-image size-full\"><img decoding=\"async\" src=\"https:\/\/mkpl.co.jp\/wp\/wp-content\/uploads\/2025\/12\/d90faz4-2dbac421-29e8-4966-8b06-f313618c0558_edited.jpg\" alt=\"\" class=\"wp-image-729\"\/><\/figure>\n<\/div>\n\n\n\n<div class=\"wp-block-column is-layout-flow wp-block-column-is-layout-flow\">\n<figure class=\"wp-block-image size-full\"><img decoding=\"async\" src=\"https:\/\/mkpl.co.jp\/wp\/wp-content\/uploads\/2025\/12\/il20221123_747614631_large_edited.jpg\" alt=\"\" class=\"wp-image-730\"\/><\/figure>\n<\/div>\n<\/div>\n\n\n\n<p><\/p>\n","protected":false},"excerpt":{"rendered":"<p>A propos de nous Nom de la soci\u00e9t\u00e9 MK PLUS Co., Ltd. Adresse [Main Office] 4F Kurax Sendai, 3-3-1 Ichibancho,  [&hellip;]<\/p>\n","protected":false},"author":1,"featured_media":179,"parent":0,"menu_order":0,"comment_status":"closed","ping_status":"closed","template":"","meta":{"footnotes":""},"class_list":["post-16","page","type-page","status-publish","has-post-thumbnail","hentry"],"_links":{"self":[{"href":"https:\/\/mkpl.co.jp\/fr\/wp-json\/wp\/v2\/pages\/16","targetHints":{"allow":["GET"]}}],"collection":[{"href":"https:\/\/mkpl.co.jp\/fr\/wp-json\/wp\/v2\/pages"}],"about":[{"href":"https:\/\/mkpl.co.jp\/fr\/wp-json\/wp\/v2\/types\/page"}],"author":[{"embeddable":true,"href":"https:\/\/mkpl.co.jp\/fr\/wp-json\/wp\/v2\/users\/1"}],"replies":[{"embeddable":true,"href":"https:\/\/mkpl.co.jp\/fr\/wp-json\/wp\/v2\/comments?post=16"}],"version-history":[{"count":38,"href":"https:\/\/mkpl.co.jp\/fr\/wp-json\/wp\/v2\/pages\/16\/revisions"}],"predecessor-version":[{"id":576,"href":"https:\/\/mkpl.co.jp\/fr\/wp-json\/wp\/v2\/pages\/16\/revisions\/576"}],"wp:featuredmedia":[{"embeddable":true,"href":"https:\/\/mkpl.co.jp\/fr\/wp-json\/wp\/v2\/media\/179"}],"wp:attachment":[{"href":"https:\/\/mkpl.co.jp\/fr\/wp-json\/wp\/v2\/media?parent=16"}],"curies":[{"name":"wp","href":"https:\/\/api.w.org\/{rel}","templated":true}]}}