{"id":193,"date":"2022-04-05T22:02:11","date_gmt":"2022-04-05T13:02:11","guid":{"rendered":"https:\/\/mkplus-evtol.com\/wp\/?page_id=193"},"modified":"2024-05-12T01:32:21","modified_gmt":"2024-05-11T16:32:21","slug":"greeting","status":"publish","type":"page","link":"https:\/\/mkpl.co.jp\/fr\/greeting\/","title":{"rendered":"Salutation"},"content":{"rendered":"\n<h2 class=\"wp-block-heading\" id=\"greeting\">Salutation<\/h2>\n\n\n\n<div class=\"wp-block-columns is-layout-flex wp-container-core-columns-is-layout-28f84493 wp-block-columns-is-layout-flex\">\n<div class=\"wp-block-column is-layout-flow wp-block-column-is-layout-flow\" style=\"flex-basis:66.66%\">\n<p><p>MKPLUS est une entreprise qui existe depuis trois ans et qui est partie de z\u00e9ro en juillet 2017.<br>Nous avons r\u00e9fl\u00e9chi aux opportunit\u00e9s externes et \u00e0 ce que sont les forces de notre entreprise en cours d&#8217;ex\u00e9cution, et la conclusion \u00e0 laquelle nous sommes arriv\u00e9s est la &#8221; valeur intellectuelle &#8220;.<\/p>\n<p>&nbsp;<\/p>\n<p>Dans la soci\u00e9t\u00e9 de l&#8217;information d&#8217;aujourd&#8217;hui, tout peut \u00eatre recherch\u00e9 via Internet.<br>En ce sens, il est facile d&#8217;obtenir des connaissances et des informations, mais celles-ci n&#8217;ont aucun sens si elles ne sont pas accompagn\u00e9es de la bonne compr\u00e9hension et du bon usage.<br>De plus, m\u00eame si elles sont ponctuelles, elles n&#8217;ont pas de sens.<br>Il semble qu&#8217;elles ne soient pas &#8220;utiles&#8221; si elles ne sont pas plus compl\u00e8tes.<\/p>\n<p>&nbsp;<\/p>\n<p>Nous comprenons qu&#8217;il y a beaucoup de gens qui ne sont pas en mesure de r\u00e9soudre leurs probl\u00e8mes \u00e0 cause de cela, et c&#8217;est exactement ce qu&#8217;ils veulent de nous.<br>Depuis octobre 2017, nous recevons des demandes de renseignements et des consultations presque quotidiennement par le bouche \u00e0 oreille.<\/p>\n<p>&nbsp;<\/p>\n<p>Nous avons des connaissances qui ne sont pas seulement quelque chose qui peut \u00eatre obtenu par la recherche.<br>Nous avons d\u00e9cid\u00e9 d&#8217;ouvrir notre site web au public car il semble effectivement \u00eatre utile \u00e0 de nombreuses personnes.<br>Cependant, \u00e9tant donn\u00e9 qu&#8217;il y a une limite physique \u00e0 tout traiter, nous ne nous occupons que des questions li\u00e9es \u00e0 l&#8217;argent, aux affaires et \u00e0 la fabrication dans les activit\u00e9s \u00e9conomiques des entreprises.<\/p>\n<p>&nbsp;<\/p>\n<p>Les connaissances que nous traitons sont uniquement celles que vous pouvez trouver sur Internet, dans les livres ou si vous avez des relations avec de nombreuses personnes.<br>Cependant, il vous appara\u00eetra comme quelque chose de compl\u00e8tement diff\u00e9rent de ce que vous avez lu ou entendu ailleurs.<\/p>\n<p>Nous nous r\u00e9jouissons de vous rencontrer tous.<\/p><\/p>\n\n\n\n<p>&nbsp;<\/p>\n\n\n\n<p><\/p>\n\n\n\n<p class=\"has-text-align-left\">&nbsp;<\/p>\n<\/div>\n\n\n\n<div class=\"wp-block-column is-layout-flow wp-block-column-is-layout-flow\" style=\"flex-basis:33.33%\">\n<figure class=\"wp-block-image alignright epb-animation-fadeInUp epb-duration-1000ms\"><img decoding=\"async\" src=\"https:\/\/mkpl.co.jp\/wp\/wp-content\/uploads\/2022\/11\/kurokawa.jpg\" alt=\"\u4ee3\u8868\u53d6\u7de0\u5f79\u793e\u9577 \u9ed2\u5ddd\u548c\u7950\"\/><\/figure>\n\n\n\n<figure class=\"wp-block-image alignright\"><img decoding=\"async\" src=\"https:\/\/mkpl.co.jp\/wp\/wp-content\/uploads\/2022\/11\/kurokawa.png\" alt=\"\u4ee3\u8868\u53d6\u7de0\u5f79\u793e\u9577 \u9ed2\u5ddd\u548c\u7950\"\/><figcaption class=\"wp-element-caption\">Repr\u00e9sentant du directeur<br>Kazumasa Kurokawa<\/figcaption><\/figure>\n<\/div>\n<\/div>\n\n\n\n<h2 class=\"wp-block-heading\" id=\"representative-introduction\">Introduction repr\u00e9sentative<\/h2>\n\n\n\n<p>Mon exp\u00e9rience de la gestion et de la planification d&#8217;entreprise dans de grandes soci\u00e9t\u00e9s m&#8217;a permis d&#8217;acqu\u00e9rir une compr\u00e9hension approfondie de la finance et un large \u00e9ventail de capacit\u00e9s allant de la cr\u00e9ation d&#8217;une entreprise \u00e0 la mise en place et \u00e0 la gestion d&#8217;une grande organisation du personnel.<\/p>\n\n\n\n<figure class=\"wp-block-table\"><table><tbody><tr><th>Mars 1998<\/th><td>Dipl\u00f4m\u00e9 de la facult\u00e9 de droit de l&#8217;universit\u00e9 d&#8217;Osaka.<\/td><\/tr><tr><th>Avril 1998-<\/th><td>A travaill\u00e9 dans le domaine des ventes nationales et internationales et de la planification commerciale chez Toray Industries, Inc.<\/td><\/tr><tr><th>F\u00e9v. 2007-<\/th><td>A travaill\u00e9 dans le domaine des ventes\/du marketing pour GE Fleet Services, Inc.<\/td><\/tr><tr><th>Ao\u00fbt 2009-<\/th><td>Il participe \u00e9galement \u00e0 la gestion globale de la soci\u00e9t\u00e9 Mitsubishi Auto Leasing Corporation.<\/td><\/tr><tr><th>Mars 2016-<\/th><td>Engag\u00e9 dans la planification d&#8217;entreprise pour une soci\u00e9t\u00e9 informatique cot\u00e9e en bourse.<\/td><\/tr><tr><th>Mars 2017-<\/th><td>Devenu ind\u00e9pendant. Nomm\u00e9e directrice repr\u00e9sentante de MKPLUS Co.<br>Octobre de la m\u00eame ann\u00e9e &#8211; D\u00e9but de la prestation de services de conseil financier.<\/td><\/tr><tr><th>Avril 2018 &#8211;<\/th><td>Il a rencontr\u00e9 le Dr Ametsutsumi, une figure bien connue de l&#8217;industrie des batteries, et a lanc\u00e9 une entreprise de d\u00e9veloppement de batteries rechargeables au lithium-ion.<\/td><\/tr><tr><th>Janvier 2019-<\/th><td>A lanc\u00e9 une entreprise a\u00e9rospatiale.<\/td><\/tr><tr><th>Janvier 2020 &#8211;<\/th><td>Cr\u00e9ation d&#8217;une entreprise de marketing num\u00e9rique et de production vid\u00e9o.<\/td><\/tr><\/tbody><\/table><\/figure>\n\n\n\n<h2 class=\"wp-block-heading\" id=\"board-members\">Membres du Conseil<\/h2>\n\n\n\n<div class=\"wp-block-columns is-layout-flex wp-container-core-columns-is-layout-28f84493 wp-block-columns-is-layout-flex\">\n<div class=\"wp-block-column is-layout-flow wp-block-column-is-layout-flow\" style=\"flex-basis:66.66%\">\n<h4 class=\"wp-block-heading\" id=\"director-dominic-steiner\">Directeur : Dominik Steiner<\/h4>\n\n\n\n<div class=\"wp-block-group is-layout-flow wp-block-group-is-layout-flow\">\n<p>Entrepreneur exp\u00e9riment\u00e9 \u00e0 l&#8217;\u00e9chelle internationale, ayant fait ses preuves dans divers secteurs, dont celui de l&#8217;aviation.<\/p>\n\n\n\n<p>PDG de NewJetCo K.K. et NewJetCo Europe, a fond\u00e9 et quitt\u00e9 une compagnie de jet priv\u00e9 (avril 2005 &#8211; avril 2019).<\/p>\n\n\n\n<p>A mis en place tous les processus commerciaux n\u00e9cessaires \u00e0 l&#8217;acquisition, la vente et la gestion des avions. Acqu\u00e9rir des clients et les conseiller sur leurs besoins en avions.<\/p>\n\n\n\n<p>Embauche de l&#8217;\u00e9quipe d&#8217;exploitation et embauche de l&#8217;\u00e9quipe et du personnel de soutien.<\/p>\n\n\n\n<p>En tant que pr\u00e9sident du comit\u00e9 de l&#8217;aviation d&#8217;affaires japonaise du European Business Council (EBC), a fait du lobbying aupr\u00e8s du gouvernement japonais et des industries connexes au sujet de l&#8217;aviation d&#8217;affaires japonaise. Baccalaur\u00e9at en math\u00e9matiques de la Kantonsschule Baden. Licence en droit de l&#8217;Universit\u00e9 de Zurich.<\/p>\n\n\n\n<p>Il est \u00e9galement titulaire d&#8217;un Executive MBA de l&#8217;EU Business School, de la Swiss Military Flying School et du certificat de pilote militaire suisse.<\/p>\n\n\n\n<p>&nbsp;<\/p>\n<\/div>\n<\/div>\n\n\n\n<div class=\"wp-block-column is-layout-flow wp-block-column-is-layout-flow\" style=\"flex-basis:33.33%\">\n<figure class=\"wp-block-image size-large epb-animation-fadeInUp epb-duration-1000ms epb-margin-top__96\"><img decoding=\"async\" src=\"https:\/\/mkpl.co.jp\/fr\/wp-content\/uploads\/2022\/04\/1339eab80b224abd61c9eb3741ba51cc.jpg\" alt=\"\"\/><\/figure>\n<\/div>\n<\/div>\n\n\n\n<div class=\"wp-block-columns is-layout-flex wp-container-core-columns-is-layout-28f84493 wp-block-columns-is-layout-flex\">\n<div class=\"wp-block-column is-layout-flow wp-block-column-is-layout-flow\" style=\"flex-basis:66.66%\">\n<h4 class=\"wp-block-heading\" id=\"director-masahiro-noguchi\">Directeur : Masahiro Noguchi<\/h4>\n\n\n\n<div class=\"wp-block-group is-layout-flow wp-block-group-is-layout-flow\">\n<p>N\u00e9 en 1984 dans la pr\u00e9fecture d&#8217;Aichi<\/p>\n\n\n\n<p>Dipl\u00f4m\u00e9 de la facult\u00e9 de droit de l&#8217;universit\u00e9 de Nanzan. S&#8217;occupe de la proposition et de la vente de biens de production ainsi que du d\u00e9veloppement et du d\u00e9marrage d&#8217;installations de production pour la fabrication d&#8217;avions, d&#8217;h\u00e9licopt\u00e8res et de moteurs de fus\u00e9e. Il a une grande exp\u00e9rience de la liaison avec les entreprises a\u00e9rospatiales en Europe et aux \u00c9tats-Unis, ainsi que de la gestion de projets pour l&#8217;introduction d&#8217;\u00e9quipements de production.<\/p>\n\n\n\n<p>A rejoint MKPLUS en avril 2020 et a assum\u00e9 le poste de repr\u00e9sentant de FORMbridge.<\/p>\n\n\n\n<p>Il s&#8217;agit d&#8217;un entrepreneur exp\u00e9riment\u00e9 au niveau international qui a fait ses preuves.<\/p>\n<\/div>\n<\/div>\n\n\n\n<div class=\"wp-block-column is-layout-flow wp-block-column-is-layout-flow\" style=\"flex-basis:33.33%\">\n<figure class=\"wp-block-image size-large is-resized epb-animation-fadeInUp epb-duration-1000ms epb-margin-top__96\"><img decoding=\"async\" src=\"https:\/\/mkpl.co.jp\/fr\/wp-content\/uploads\/2022\/04\/29d3bc99193cb0b837fb8cc53f050ae5.png\" alt=\"\"\/><\/figure>\n<\/div>\n<\/div>\n\n\n\n<div class=\"wp-block-columns is-layout-flex wp-container-core-columns-is-layout-28f84493 wp-block-columns-is-layout-flex\">\n<div class=\"wp-block-column is-layout-flow wp-block-column-is-layout-flow\" style=\"flex-basis:33.33%\"><\/div>\n<\/div>\n","protected":false},"excerpt":{"rendered":"<p>Salutation MKPLUS est une entreprise qui existe depuis trois ans et qui est partie de z\u00e9ro en juillet 2017.Nou [&hellip;]<\/p>\n","protected":false},"author":1,"featured_media":179,"parent":0,"menu_order":0,"comment_status":"closed","ping_status":"closed","template":"","meta":{"footnotes":""},"class_list":["post-193","page","type-page","status-publish","has-post-thumbnail","hentry"],"_links":{"self":[{"href":"https:\/\/mkpl.co.jp\/fr\/wp-json\/wp\/v2\/pages\/193","targetHints":{"allow":["GET"]}}],"collection":[{"href":"https:\/\/mkpl.co.jp\/fr\/wp-json\/wp\/v2\/pages"}],"about":[{"href":"https:\/\/mkpl.co.jp\/fr\/wp-json\/wp\/v2\/types\/page"}],"author":[{"embeddable":true,"href":"https:\/\/mkpl.co.jp\/fr\/wp-json\/wp\/v2\/users\/1"}],"replies":[{"embeddable":true,"href":"https:\/\/mkpl.co.jp\/fr\/wp-json\/wp\/v2\/comments?post=193"}],"version-history":[{"count":26,"href":"https:\/\/mkpl.co.jp\/fr\/wp-json\/wp\/v2\/pages\/193\/revisions"}],"predecessor-version":[{"id":490,"href":"https:\/\/mkpl.co.jp\/fr\/wp-json\/wp\/v2\/pages\/193\/revisions\/490"}],"wp:featuredmedia":[{"embeddable":true,"href":"https:\/\/mkpl.co.jp\/fr\/wp-json\/wp\/v2\/media\/179"}],"wp:attachment":[{"href":"https:\/\/mkpl.co.jp\/fr\/wp-json\/wp\/v2\/media?parent=193"}],"curies":[{"name":"wp","href":"https:\/\/api.w.org\/{rel}","templated":true}]}}