{"id":258,"date":"2022-04-06T13:46:47","date_gmt":"2022-04-06T04:46:47","guid":{"rendered":"https:\/\/mkplus-evtol.com\/?page_id=258"},"modified":"2024-05-12T01:29:35","modified_gmt":"2024-05-11T16:29:35","slug":"tachyssema","status":"publish","type":"page","link":"https:\/\/mkpl.co.jp\/fr\/tachyssema\/","title":{"rendered":"Tachyssema"},"content":{"rendered":"\n<h2 class=\"wp-block-heading\">Tachyssema Developpment SARL<\/h2>\n\n\n\n<figure class=\"wp-block-image aligncenter size-large epb-animation-fadeInUp epb-duration-1000ms\"><img decoding=\"async\" src=\"https:\/\/mkpl.co.jp\/fr\/wp-content\/uploads\/2022\/04\/\u753b\u50cf1.png\" alt=\"\"\/><\/figure>\n\n\n\n<div class=\"wp-block-columns is-layout-flex wp-container-core-columns-is-layout-28f84493 wp-block-columns-is-layout-flex\">\n<div class=\"wp-block-column is-layout-flow wp-block-column-is-layout-flow\" style=\"flex-basis:100%\">\n<div class=\"wp-block-columns are-vertically-aligned-center is-layout-flex wp-container-core-columns-is-layout-28f84493 wp-block-columns-is-layout-flex\">\n<div class=\"wp-block-column is-vertically-aligned-center is-layout-flow wp-block-column-is-layout-flow\" style=\"flex-basis:100%\">\n<div class=\"wp-block-columns is-layout-flex wp-container-core-columns-is-layout-28f84493 wp-block-columns-is-layout-flex\">\n<div class=\"wp-block-column is-vertically-aligned-center is-layout-flow wp-block-column-is-layout-flow\" style=\"flex-basis:100%\">\n<div class=\"wp-block-group is-layout-flow wp-block-group-is-layout-flow\">\n<figure class=\"wp-block-table alignwide is-style-table__responsive has-normal-font-size\"><table class=\"has-fixed-layout\"><tbody><tr><td class=\"has-text-align-center\" data-align=\"center\"><strong>Localisation<\/strong><\/td><td>414Rue de la Decouverte, Immeuble Innopolis Hall A-31670 Labege FRANCE<\/td><\/tr><tr><td class=\"has-text-align-center\" data-align=\"center\"><strong>A propos de nous<\/strong><\/td><td>Tachyssema a \u00e9t\u00e9 fond\u00e9e il y a 13 ans en tant que soci\u00e9t\u00e9 de conception de circuits \u00e9lectroniques sur mesure bas\u00e9e dans la Mecque a\u00e9rospatiale de Toulouse, en France. Tachyssema est un partenaire de d\u00e9veloppement pour ses clients dans le domaine de la technologie du traitement de l&#8217;image et du traitement &#8220;en temps r\u00e9el&#8221; de multiples signaux analogiques et num\u00e9riques. Tachyssema poss\u00e8de une vaste exp\u00e9rience dans l&#8217;industrie a\u00e9rospatiale, l&#8217;industrie des \u00e9nergies renouvelables, l&#8217;\u00e9quipement industriel g\u00e9n\u00e9ral et de pr\u00e9cision, et l&#8217;industrie du formage des mat\u00e9riaux. Nous sommes fiers de nos r\u00e9alisations dans les secteurs de l&#8217;a\u00e9rospatiale, des \u00e9nergies renouvelables, de l&#8217;\u00e9quipement industriel g\u00e9n\u00e9ral et de pr\u00e9cision, et du fa\u00e7onnage des mat\u00e9riaux.<\/td><\/tr><tr><td class=\"has-text-align-center\" data-align=\"center\"><strong>URL<\/strong><\/td><td><a href=\"https:\/\/tachyssema.fr\/\" target=\"_blank\" rel=\"noreferrer noopener\">https:\/\/tachyssema.fr\/<\/a><\/td><\/tr><\/tbody><\/table><\/figure>\n<\/div>\n<\/div>\n<\/div>\n<\/div>\n<\/div>\n<\/div>\n<\/div>\n\n\n\n<h3 class=\"wp-block-heading\">Technologies de base<\/h3>\n\n\n\n<div class=\"wp-block-columns is-layout-flex wp-container-core-columns-is-layout-28f84493 wp-block-columns-is-layout-flex\">\n<div class=\"wp-block-column is-layout-flow wp-block-column-is-layout-flow\">\n<figure class=\"wp-block-image aligncenter size-large epb-animation-fadeInLeft epb-duration-1000ms\"><img decoding=\"async\" src=\"https:\/\/mkpl.co.jp\/fr\/wp-content\/uploads\/2022\/04\/\u753b\u50cf2.png\" alt=\"\"\/><\/figure>\n<\/div>\n\n\n\n<div class=\"wp-block-column is-layout-flow wp-block-column-is-layout-flow\">\n<figure class=\"wp-block-image aligncenter size-large epb-animation-fadeInLeft epb-duration-2000ms\"><img decoding=\"async\" src=\"https:\/\/mkpl.co.jp\/fr\/wp-content\/uploads\/2022\/04\/\u753b\u50cf3.png\" alt=\"\"\/><\/figure>\n<\/div>\n<\/div>\n\n\n\n<h4 class=\"wp-block-heading\">Conception architecturale avec FPGA<\/h4>\n\n\n\n<ul class=\"wp-block-list\">\n<li>R\u00e9\u00e9criture flexible des circuits pour les essais et erreurs de sp\u00e9cifications pendant la phase de d\u00e9veloppement<\/li>\n\n\n\n<li>Contribue \u00e0 r\u00e9duire la consommation d&#8217;\u00e9nergie des op\u00e9rations du circuit par rapport \u00e0 &#8220;CPU + m\u00e9moire&#8221;.<\/li>\n<\/ul>\n\n\n\n<h4 class=\"wp-block-heading\">Conception embarqu\u00e9e<\/h4>\n\n\n\n<p>Aide \u00e0 la s\u00e9lection des composants \u00e9lectroniques et \u00e0 la conception de la structure mat\u00e9rielle en fonction du co\u00fbt de fabrication, de la taille externe et de la simplicit\u00e9 structurelle requis.<\/p>\n\n\n\n<h3 class=\"wp-block-heading\">\u00c9tude de cas<\/h3>\n\n\n\n<figure class=\"wp-block-image size-large epb-animation-fadeInUp epb-duration-1000ms\"><img decoding=\"async\" src=\"https:\/\/mkpl.co.jp\/fr\/wp-content\/uploads\/2022\/04\/graph-min-scaled.jpg\" alt=\"\"\/><\/figure>\n\n\n\n<h3 class=\"wp-block-heading\">Produits et services<\/h3>\n\n\n\n<h4 class=\"wp-block-heading\">Cam\u00e9ras pour d\u00e9tecter les d\u00e9fauts des pales des \u00e9quipements de production d&#8217;\u00e9nergie \u00e9olienne<\/h4>\n\n\n\n<div class=\"wp-block-columns is-layout-flex wp-container-core-columns-is-layout-28f84493 wp-block-columns-is-layout-flex\">\n<div class=\"wp-block-column is-layout-flow wp-block-column-is-layout-flow\" style=\"flex-basis:100%\">\n<div class=\"wp-block-columns is-layout-flex wp-container-core-columns-is-layout-28f84493 wp-block-columns-is-layout-flex\">\n<div class=\"wp-block-column is-layout-flow wp-block-column-is-layout-flow\">\n<figure class=\"wp-block-image aligncenter size-large is-resized epb-animation-fadeInLeft epb-duration-1000ms\"><img decoding=\"async\" src=\"https:\/\/mkpl.co.jp\/fr\/wp-content\/uploads\/2022\/04\/\u753b\u50cf4.png\" alt=\"\" style=\"width:355px;height:256px\"\/><\/figure>\n<\/div>\n\n\n\n<div class=\"wp-block-column is-layout-flow wp-block-column-is-layout-flow\">\n<figure class=\"wp-block-image size-large is-resized epb-animation-fadeInLeft epb-duration-2000ms\"><img decoding=\"async\" src=\"https:\/\/mkpl.co.jp\/fr\/wp-content\/uploads\/2022\/04\/\u753b\u50cf5.png\" alt=\"\" style=\"height:256px\"\/><\/figure>\n<\/div>\n<\/div>\n<\/div>\n<\/div>\n\n\n\n<figure class=\"wp-block-table is-style-table__responsive\"><table><tbody><tr><td><strong>\u00c9chelle de la production d&#8217;\u00e9nergie \u00e9olienne<\/strong><\/td><td>Diam\u00e8tre du rotor : 80-170m taille \u00e9quivalente<\/td><\/tr><tr><td><strong>Esp\u00e8ces d\u00e9fectueuses d\u00e9tect\u00e9es<\/strong><\/td><td>Corrosion des bords\/ d\u00e9collement de l&#8217;adh\u00e9sif GFRP\/ fissures capillaires\/ trous d&#8217;\u00e9pingle\/ dommages caus\u00e9s par la foudre, etc.<\/td><\/tr><tr><td><strong>R\u00e9solution de la cam\u00e9ra<\/strong><\/td><td>0.25mm @100m<\/td><\/tr><tr><td><strong>Fonction de calibrage<\/strong><\/td><td>R\u00e9glage de l&#8217;origine du centre du rotor ou du bord d&#8217;attaque (uniquement pour la configuration initiale, aucun changement d&#8217;\u00e9tape n&#8217;est n\u00e9cessaire).<\/td><\/tr><tr><td><strong>Filtre d&#8217;image de la cam\u00e9ra<\/strong><\/td><td>7 types (\u00e9galement pour le temps brumeux)<\/td><\/tr><tr><td><strong>Valeurs mesur\u00e9es<\/strong><\/td><td>Dimensions, coordonn\u00e9es, etc.<\/td><\/tr><\/tbody><\/table><\/figure>\n\n\n\n<h3 class=\"wp-block-heading\">Cam\u00e9ra de d\u00e9tection des d\u00e9fauts en ligne pour une ligne de moulage par extrusion de caoutchouc<\/h3>\n\n\n\n<div class=\"wp-block-columns is-layout-flex wp-container-core-columns-is-layout-28f84493 wp-block-columns-is-layout-flex\">\n<div class=\"wp-block-column is-layout-flow wp-block-column-is-layout-flow\" style=\"flex-basis:33.33%\">\n<figure class=\"wp-block-image size-large epb-animation-fadeInLeft epb-duration-1000ms\"><img decoding=\"async\" src=\"https:\/\/mkpl.co.jp\/fr\/wp-content\/uploads\/2022\/04\/\u753b\u50cf6.png\" alt=\"\"\/><\/figure>\n<\/div>\n\n\n\n<div class=\"wp-block-column is-layout-flow wp-block-column-is-layout-flow\" style=\"flex-basis:66.66%\">\n<figure class=\"wp-block-table is-style-table__responsive\"><table><tbody><tr><td><strong>Vitesse maximale de transfert de ligne<\/strong><\/td><td>Environ 500 mm\/sec.<\/td><\/tr><tr><td><strong>Vitesse de traitement maximale<\/strong><\/td><td>12-15fps<\/td><\/tr><tr><td><strong>D\u00e9finition de la zone de d\u00e9tection<\/strong><\/td><td>Jusqu&#8217;\u00e0 8 emplacements peuvent \u00eatre sp\u00e9cifi\u00e9s (centre\/extr\u00e9mit\u00e9 droite\/extr\u00e9mit\u00e9 gauche du mat\u00e9riau en caoutchouc, etc.)<\/td><\/tr><tr><td><strong>Verrouillage avec l&#8217;\u00e9quipement PLC<\/strong><\/td><td>Une alarme de d\u00e9tection de d\u00e9faut peut \u00eatre \u00e9mise<\/td><\/tr><\/tbody><\/table><\/figure>\n<\/div>\n<\/div>\n\n\n\n<h3 class=\"wp-block-heading\">Co-processeur (nom provisoire)<\/h3>\n\n\n\n<div class=\"wp-block-columns is-layout-flex wp-container-core-columns-is-layout-28f84493 wp-block-columns-is-layout-flex\">\n<div class=\"wp-block-column is-layout-flow wp-block-column-is-layout-flow\" style=\"flex-basis:33.33%\">\n<figure class=\"wp-block-image size-large epb-animation-fadeInLeft epb-duration-1000ms\"><img decoding=\"async\" src=\"https:\/\/mkpl.co.jp\/fr\/wp-content\/uploads\/2022\/04\/\u753b\u50cf7.png\" alt=\"\"\/><\/figure>\n<\/div>\n\n\n\n<div class=\"wp-block-column is-layout-flow wp-block-column-is-layout-flow\" style=\"flex-basis:66.66%\"><\/div>\n<\/div>\n","protected":false},"excerpt":{"rendered":"<p>Tachyssema Developpment SARL Localisation 414Rue de la Decouverte, Immeuble Innopolis Hall A-31670 Labege FRAN [&hellip;]<\/p>\n","protected":false},"author":1,"featured_media":0,"parent":0,"menu_order":0,"comment_status":"closed","ping_status":"closed","template":"","meta":{"footnotes":""},"class_list":["post-258","page","type-page","status-publish","hentry"],"_links":{"self":[{"href":"https:\/\/mkpl.co.jp\/fr\/wp-json\/wp\/v2\/pages\/258","targetHints":{"allow":["GET"]}}],"collection":[{"href":"https:\/\/mkpl.co.jp\/fr\/wp-json\/wp\/v2\/pages"}],"about":[{"href":"https:\/\/mkpl.co.jp\/fr\/wp-json\/wp\/v2\/types\/page"}],"author":[{"embeddable":true,"href":"https:\/\/mkpl.co.jp\/fr\/wp-json\/wp\/v2\/users\/1"}],"replies":[{"embeddable":true,"href":"https:\/\/mkpl.co.jp\/fr\/wp-json\/wp\/v2\/comments?post=258"}],"version-history":[{"count":29,"href":"https:\/\/mkpl.co.jp\/fr\/wp-json\/wp\/v2\/pages\/258\/revisions"}],"predecessor-version":[{"id":487,"href":"https:\/\/mkpl.co.jp\/fr\/wp-json\/wp\/v2\/pages\/258\/revisions\/487"}],"wp:attachment":[{"href":"https:\/\/mkpl.co.jp\/fr\/wp-json\/wp\/v2\/media?parent=258"}],"curies":[{"name":"wp","href":"https:\/\/api.w.org\/{rel}","templated":true}]}}