{"id":298,"date":"2022-04-06T18:19:48","date_gmt":"2022-04-06T09:19:48","guid":{"rendered":"https:\/\/mkplus-evtol.com\/?page_id=298"},"modified":"2025-12-09T11:22:30","modified_gmt":"2025-12-09T02:22:30","slug":"vsb","status":"publish","type":"page","link":"https:\/\/mkpl.co.jp\/fr\/vsb\/","title":{"rendered":"Nouvelle activit\u00e9 de d\u00e9veloppement de batteries"},"content":{"rendered":"\n<h3 class=\"wp-block-heading\" id=\"we-are-developing-non-lithium-ion-batteries\">Nous d\u00e9veloppons des batteries non-lithium-ion<\/h3>\n\n\n\n<figure class=\"wp-block-embed is-type-video is-provider-youtube wp-block-embed-youtube wp-embed-aspect-16-9 wp-has-aspect-ratio\"><div class=\"wp-block-embed__wrapper\">\n<iframe loading=\"lazy\" title=\"Vanadium solid battery\" width=\"780\" height=\"439\" src=\"https:\/\/www.youtube.com\/embed\/f6Ut896Lkx4?feature=oembed\" frameborder=\"0\" allow=\"accelerometer; autoplay; clipboard-write; encrypted-media; gyroscope; picture-in-picture; web-share\" referrerpolicy=\"strict-origin-when-cross-origin\" allowfullscreen><\/iframe>\n<\/div><\/figure>\n\n\n\n<p>Ces derni\u00e8res ann\u00e9es, l&#8217;int\u00e9r\u00eat mondial pour les questions environnementales s&#8217;est accru, et les batteries autres que celles au lithium-ion sont d\u00e9velopp\u00e9es comme un atout potentiel pour r\u00e9duire les \u00e9missions de CO2.<\/p>\n\n\n\n<p>En particulier, le potentiel des batteries au vanadium \u00e0 l&#8217;\u00e9tat solide, avec leurs performances sup\u00e9rieures, est une technologie r\u00e9volutionnaire dans l&#8217;industrie des batteries d&#8217;accumulateurs.<\/p>\n\n\n\n<figure class=\"wp-block-embed is-type-video is-provider-youtube wp-block-embed-youtube wp-embed-aspect-16-9 wp-has-aspect-ratio\"><div class=\"wp-block-embed__wrapper\">\n<iframe loading=\"lazy\" title=\"Batteries \u00e0 l&#039;\u00e9tat solide au vanadium pour le stockage efficace de l&#039;\u00e9lectricit\u00e9 exc\u00e9dentaire\" width=\"780\" height=\"439\" src=\"https:\/\/www.youtube.com\/embed\/ped-bb8z9G8?feature=oembed\" frameborder=\"0\" allow=\"accelerometer; autoplay; clipboard-write; encrypted-media; gyroscope; picture-in-picture; web-share\" referrerpolicy=\"strict-origin-when-cross-origin\" allowfullscreen><\/iframe>\n<\/div><\/figure>\n\n\n\n<h3 class=\"wp-block-heading\" id=\"features-of-vanadium-solid-state-battery-technology\">Caract\u00e9ristiques de la technologie des piles solides au vanadium<\/h3>\n\n\n\n<figure class=\"wp-block-table is-style-table__side\"><table><tbody><tr><td><strong>Non-explosion, Non-combustion<\/strong><\/td><td>Aucun syst\u00e8me d&#8217;extinction d&#8217;incendie requis<\/td><\/tr><tr><td><strong>G\u00e9n\u00e9ration minimale de chaleur<\/strong><\/td><td>Aucun syst\u00e8me de refroidissement requis<\/td><\/tr><tr><td><strong>longue dur\u00e9e de vie<\/strong><\/td><td>Dur\u00e9e de vie presque \u00e9ternelle, 15 000 fois sans d\u00e9gradation lors de tests acc\u00e9l\u00e9r\u00e9s.<\/td><\/tr><tr><td><strong>Charge\/d\u00e9charge de courte dur\u00e9e<br>(50 fois plus que les batteries existantes)<\/strong><\/td><td>200C en vue<br>Une puissance de sortie \u00e9lev\u00e9e est \u00e9galement possible<\/td><\/tr><tr><td><strong>Structure simple<\/strong><\/td><td>Le vanadium est un m\u00e9tal non rare<br>Le co\u00fbt de production est d&#8217;environ 1\/20 des batteries existantes.<\/td><\/tr><\/tbody><\/table><\/figure>\n\n\n\n<h3 class=\"wp-block-heading\" id=\"applications-of-vanadium-solid-state-battery-technology\">Applications de la technologie des piles solides au vanadium<\/h3>\n\n\n\n<figure class=\"wp-block-table is-style-table__side\"><table><tbody><tr><td><strong>Principales applications<\/strong><\/td><td>Applications industrielles des batteries de stockage pour les compagnies d&#8217;\u00e9lectricit\u00e9<\/td><\/tr><tr><td><strong>Objectifs futurs<\/strong><\/td><td>Batteries de stockage domestique, v\u00e9hicules \u00e9lectriques, voitures volantes, divers vaisseaux spatiaux.<\/td><\/tr><\/tbody><\/table><\/figure>\n\n\n\n<h3 class=\"wp-block-heading\" id=\"our-company-was-introduced-as-a-successful-case-study-by-tohoku-techno-arch\">Notre entreprise a \u00e9t\u00e9 pr\u00e9sent\u00e9e comme une \u00e9tude de cas r\u00e9ussie par Tohoku Techno Arch<\/h3>\n\n\n\n<p>Notre entreprise est pr\u00e9sent\u00e9e comme une \u00e9tude de cas r\u00e9ussie par Tohoku Techno Arch.<\/p>\n\n\n\n<p>Pour plus d&#8217;informations, veuillez consulter le <a href=\"https:\/\/www.t-technoarch.com\/content\/licence_1068.html\" target=\"_blank\" rel=\"noreferrer noopener\">site Web de Tohoku Techno Arch.<\/a><\/p>\n","protected":false},"excerpt":{"rendered":"<p>Nous d\u00e9veloppons des batteries non-lithium-ion Ces derni\u00e8res ann\u00e9es, l&#8217;int\u00e9r\u00eat mondial pour les question [&hellip;]<\/p>\n","protected":false},"author":1,"featured_media":177,"parent":0,"menu_order":0,"comment_status":"closed","ping_status":"closed","template":"","meta":{"footnotes":""},"class_list":["post-298","page","type-page","status-publish","has-post-thumbnail","hentry"],"_links":{"self":[{"href":"https:\/\/mkpl.co.jp\/fr\/wp-json\/wp\/v2\/pages\/298","targetHints":{"allow":["GET"]}}],"collection":[{"href":"https:\/\/mkpl.co.jp\/fr\/wp-json\/wp\/v2\/pages"}],"about":[{"href":"https:\/\/mkpl.co.jp\/fr\/wp-json\/wp\/v2\/types\/page"}],"author":[{"embeddable":true,"href":"https:\/\/mkpl.co.jp\/fr\/wp-json\/wp\/v2\/users\/1"}],"replies":[{"embeddable":true,"href":"https:\/\/mkpl.co.jp\/fr\/wp-json\/wp\/v2\/comments?post=298"}],"version-history":[{"count":16,"href":"https:\/\/mkpl.co.jp\/fr\/wp-json\/wp\/v2\/pages\/298\/revisions"}],"predecessor-version":[{"id":530,"href":"https:\/\/mkpl.co.jp\/fr\/wp-json\/wp\/v2\/pages\/298\/revisions\/530"}],"wp:featuredmedia":[{"embeddable":true,"href":"https:\/\/mkpl.co.jp\/fr\/wp-json\/wp\/v2\/media\/177"}],"wp:attachment":[{"href":"https:\/\/mkpl.co.jp\/fr\/wp-json\/wp\/v2\/media?parent=298"}],"curies":[{"name":"wp","href":"https:\/\/api.w.org\/{rel}","templated":true}]}}