{"id":563,"date":"2025-12-09T11:38:38","date_gmt":"2025-12-09T02:38:38","guid":{"rendered":"https:\/\/mkpl.co.jp\/fr\/?page_id=563"},"modified":"2025-12-09T11:38:39","modified_gmt":"2025-12-09T02:38:39","slug":"products","status":"publish","type":"page","link":"https:\/\/mkpl.co.jp\/fr\/products\/","title":{"rendered":"Produits"},"content":{"rendered":"\n<h3 class=\"wp-block-heading\">Conception de modules de batteries modulaires<\/h3>\n\n\n\n<figure class=\"wp-block-image size-full\"><img decoding=\"async\" src=\"https:\/\/mkpl.co.jp\/wp\/wp-content\/uploads\/2025\/12\/Powerful-battery-for-solar-energy_-Durable-design-and-stable-power-supply_.jpg\" alt=\"\" class=\"wp-image-736\"\/><\/figure>\n\n\n\n<p>Nous d\u00e9veloppons des solutions de stockage d\u2019\u00e9nergie efficaces et durables pour un large \u00e9ventail d\u2019applications industrielles, offrant une alimentation fiable et longue dur\u00e9e adapt\u00e9e \u00e0 chaque cas d\u2019usage.<\/p>\n\n\n\n<p><a href=\"https:\/\/www.emplus.at\/products\" target=\"_blank\" rel=\"noreferrer noopener\"><\/a><\/p>\n\n\n\n<div class=\"wp-block-columns is-layout-flex wp-container-core-columns-is-layout-28f84493 wp-block-columns-is-layout-flex\">\n<div class=\"wp-block-column is-layout-flow wp-block-column-is-layout-flow\">\n<h3 class=\"wp-block-heading\">Applications de stockage d\u2019\u00e9nergie en conteneur<\/h3>\n\n\n\n<figure class=\"wp-block-image size-large\"><img decoding=\"async\" src=\"https:\/\/mkpl.co.jp\/wp\/wp-content\/uploads\/2025\/12\/3285a1_accae915bd104149ac5d06688182f779mv2-1024x1013.jpg\" alt=\"\" class=\"wp-image-739\"\/><\/figure>\n\n\n\n<p>Un syst\u00e8me de stockage d\u2019\u00e9nergie par batteries en conteneur est une solution modulaire qui int\u00e8gre de grandes batteries rechargeables dans un conteneur de transport.<br>Il est con\u00e7u pour un d\u00e9ploiement rapide, une forte \u00e9volutivit\u00e9 et une relocalisation facile selon les besoins du site.<\/p>\n\n\n\n<p>Ces syst\u00e8mes sont particuli\u00e8rement efficaces pour la stabilisation du r\u00e9seau, l\u2019int\u00e9gration optimale des sources d\u2019\u00e9nergie renouvelable telles que le solaire et l\u2019\u00e9olien, ainsi que pour fournir une alimentation de secours en cas de panne.<\/p>\n<\/div>\n\n\n\n<div class=\"wp-block-column is-layout-flow wp-block-column-is-layout-flow\">\n<h3 class=\"wp-block-heading\"><strong>Industrial-Scale Energy Storage Solutions<\/strong><\/h3>\n\n\n\n<figure class=\"wp-block-image size-full\"><img decoding=\"async\" src=\"https:\/\/mkpl.co.jp\/wp\/wp-content\/uploads\/2025\/12\/Installation.jpg\" alt=\"\" class=\"wp-image-740\"\/><\/figure>\n\n\n\n<p>Les syst\u00e8mes de stockage d\u2019\u00e9nergie \u00e0 l\u2019\u00e9chelle industrielle et r\u00e9sidentielle sont con\u00e7us pour r\u00e9pondre \u00e0 diverses applications et capacit\u00e9s, en stockant l\u2019\u00e9lectricit\u00e9 et en la fournissant selon les besoins.<\/p>\n\n\n\n<p>Les syst\u00e8mes industriels soutiennent de fortes demandes en \u00e9nergie, telles que celles des usines, des installations commerciales et des infrastructures \u00e0 l\u2019\u00e9chelle communautaire.<br>Ils am\u00e9liorent la stabilit\u00e9 du r\u00e9seau, r\u00e9duisent les co\u00fbts d\u2019\u00e9lectricit\u00e9 en p\u00e9riode de pointe et permettent une int\u00e9gration efficace des sources d\u2019\u00e9nergie renouvelable, comme le solaire et l\u2019\u00e9olien.<\/p>\n<\/div>\n<\/div>\n\n\n\n<h3 class=\"wp-block-heading\">Performance Specifications<\/h3>\n\n\n\n<p>Nous analysons les principales technologies de stockage d\u2019\u00e9nergie en utilisant la batterie solide au vanadium (VSB) comme technologie centrale.<br>Les technologies repr\u00e9sentatives de stockage incluent la VSB, la VRB (batterie redox au vanadium) et la LFP (phosphate de fer lithi\u00e9).<\/p>\n\n\n\n<p>Le sch\u00e9ma illustre, sous forme de comparaison visuelle, les domaines dans lesquels la VSB pr\u00e9sente des avantages clairs par rapport aux autres technologies.<\/p>\n\n\n\n<figure class=\"wp-block-image size-full\"><img decoding=\"async\" src=\"https:\/\/mkpl.co.jp\/wp\/wp-content\/uploads\/2025\/12\/2025-07-12-231118.jpg\" alt=\"\" class=\"wp-image-742\"\/><\/figure>\n\n\n\n<figure class=\"wp-block-image size-full\"><img decoding=\"async\" src=\"https:\/\/mkpl.co.jp\/wp\/wp-content\/uploads\/2025\/12\/IMG_5594.jpg\" alt=\"\" class=\"wp-image-744\"\/><\/figure>\n\n\n\n<figure class=\"wp-block-image size-full\"><img decoding=\"async\" src=\"https:\/\/mkpl.co.jp\/wp\/wp-content\/uploads\/2025\/12\/IMG_5597.jpg\" alt=\"\" class=\"wp-image-745\"\/><\/figure>\n","protected":false},"excerpt":{"rendered":"<p>Conception de modules de batteries modulaires Nous d\u00e9veloppons des solutions de stockage d\u2019\u00e9nergie efficaces e [&hellip;]<\/p>\n","protected":false},"author":1,"featured_media":177,"parent":0,"menu_order":0,"comment_status":"closed","ping_status":"closed","template":"","meta":{"footnotes":""},"class_list":["post-563","page","type-page","status-publish","has-post-thumbnail","hentry"],"_links":{"self":[{"href":"https:\/\/mkpl.co.jp\/fr\/wp-json\/wp\/v2\/pages\/563","targetHints":{"allow":["GET"]}}],"collection":[{"href":"https:\/\/mkpl.co.jp\/fr\/wp-json\/wp\/v2\/pages"}],"about":[{"href":"https:\/\/mkpl.co.jp\/fr\/wp-json\/wp\/v2\/types\/page"}],"author":[{"embeddable":true,"href":"https:\/\/mkpl.co.jp\/fr\/wp-json\/wp\/v2\/users\/1"}],"replies":[{"embeddable":true,"href":"https:\/\/mkpl.co.jp\/fr\/wp-json\/wp\/v2\/comments?post=563"}],"version-history":[{"count":1,"href":"https:\/\/mkpl.co.jp\/fr\/wp-json\/wp\/v2\/pages\/563\/revisions"}],"predecessor-version":[{"id":564,"href":"https:\/\/mkpl.co.jp\/fr\/wp-json\/wp\/v2\/pages\/563\/revisions\/564"}],"wp:featuredmedia":[{"embeddable":true,"href":"https:\/\/mkpl.co.jp\/fr\/wp-json\/wp\/v2\/media\/177"}],"wp:attachment":[{"href":"https:\/\/mkpl.co.jp\/fr\/wp-json\/wp\/v2\/media?parent=563"}],"curies":[{"name":"wp","href":"https:\/\/api.w.org\/{rel}","templated":true}]}}