{"id":3,"date":"2021-02-03T15:41:56","date_gmt":"2021-02-03T06:41:56","guid":{"rendered":"http:\/\/illuminate-life.jp\/wp\/?page_id=3"},"modified":"2025-06-16T14:22:09","modified_gmt":"2025-06-16T05:22:09","slug":"privacy-policy","status":"publish","type":"page","link":"https:\/\/mkpl.co.jp\/it\/privacy-policy\/","title":{"rendered":"Informativa sulla Privacy"},"content":{"rendered":"\n<p>MK PLUS Co., Ltd. (&#8220;noi&#8221;) riconosce che il trattamento e la protezione adeguati dei dati personali raccolti nell&#8217;ambito della gestione dei nostri siti web e servizi rappresentano una responsabilit\u00e0 sociale essenziale. In particolare, rispettiamo il Regolamento Generale sulla Protezione dei Dati (GDPR) dell&#8217;Unione Europea, la Legge sulla Protezione dei Dati Personali (PDPL) del Regno dell&#8217;Arabia Saudita, nonch\u00e9 altre normative applicabili, per garantire una protezione affidabile della privacy per tutti gli utenti internazionali.<\/p>\n\n\n\n<h3 class=\"wp-block-heading\">1. Raccolta e utilizzo dei dati personali<\/h3>\n\n\n\n<p>Raccogliamo i dati personali in modo lecito e corretto e li utilizziamo per i seguenti scopi:<\/p>\n\n\n\n<ol class=\"wp-block-list\">\n<li>Rispondere a richieste di informazioni<\/li>\n\n\n\n<li>Invio di materiale informativo e comunicazioni sui servizi<\/li>\n\n\n\n<li>Comunicazioni relative a processi di selezione del personale<\/li>\n\n\n\n<li>Analisi e miglioramento dell&#8217;utilizzo del sito<\/li>\n\n\n\n<li>Adempimento di obblighi legali<\/li>\n<\/ol>\n\n\n\n<h3 class=\"wp-block-heading\">2. Basi giuridiche del trattamento<\/h3>\n\n\n\n<p>Il trattamento dei dati personali si basa sulle seguenti basi giuridiche:<\/p>\n\n\n\n<ol class=\"wp-block-list\">\n<li>Consenso dell&#8217;interessato (GDPR art. 6(1)(a), PDPL art. 5)<\/li>\n\n\n\n<li>Esecuzione di un contratto (GDPR art. 6(1)(b))<\/li>\n\n\n\n<li>Adempimento di obblighi legali (GDPR art. 6(1)(c), PDPL art. 10)<\/li>\n\n\n\n<li>Interesse legittimo del titolare del trattamento (GDPR art. 6(1)(f))<\/li>\n<\/ol>\n\n\n\n<h3 class=\"wp-block-heading\">3. Utilizzo di cookie e tecnologie simili<\/h3>\n\n\n\n<p>Utilizziamo cookie e tecnologie simili per migliorare i nostri servizi e analizzare l&#8217;utilizzo del sito. Gli utenti possono limitare o rifiutare l&#8217;uso dei cookie tramite le impostazioni del browser.<\/p>\n\n\n\n<p>Inoltre, mostriamo banner informativi sui cookie in conformit\u00e0 alle leggi locali e, ove richiesto, otteniamo il consenso esplicito (ad esempio, nell&#8217;UE, Arabia Saudita, ecc.).<\/p>\n\n\n\n<h3 class=\"wp-block-heading\">4. Gestione dei dati personali<\/h3>\n\n\n\n<p>Adottiamo misure tecniche e organizzative per prevenire la perdita, l&#8217;alterazione, la divulgazione o l&#8217;accesso non autorizzato ai dati personali.<\/p>\n\n\n\n<h3 class=\"wp-block-heading\">5. Limitazioni nella comunicazione a terzi<\/h3>\n\n\n\n<p>Non comunichiamo i dati personali a terzi senza il consenso dell&#8217;interessato, salvo quando richiesto dalla legge.<\/p>\n\n\n\n<h3 class=\"wp-block-heading\">6. Controllo dei responsabili del trattamento<\/h3>\n\n\n\n<p>Quando affidiamo il trattamento dei dati personali a terzi, stipuliamo contratti adeguati e monitoriamo i responsabili del trattamento in modo appropriato.<\/p>\n\n\n\n<h3 class=\"wp-block-heading\">7. Periodo di conservazione dei dati<\/h3>\n\n\n\n<p>Conserviamo i dati personali solo per il tempo necessario a raggiungere le finalit\u00e0 dichiarate e li cancelliamo o rendiamo anonimi non appena non sono pi\u00f9 necessari, salvo obblighi legali di conservazione pi\u00f9 lunghi.<\/p>\n\n\n\n<h3 class=\"wp-block-heading\">8. Diritti dell&#8217;interessato (GDPR art. 15\u201321)<\/h3>\n\n\n\n<p>L&#8217;utente ha i seguenti diritti in relazione ai propri dati personali:<\/p>\n\n\n\n<ol class=\"wp-block-list\">\n<li>Diritto di accesso<\/li>\n\n\n\n<li>Diritto di rettifica o cancellazione<\/li>\n\n\n\n<li>Diritto alla limitazione del trattamento<\/li>\n\n\n\n<li>Diritto alla portabilit\u00e0 dei dati<\/li>\n\n\n\n<li>Diritto di opposizione<\/li>\n\n\n\n<li>Diritto di revocare il consenso (la revoca non pregiudica la liceit\u00e0 del trattamento basato sul consenso prima della revoca)<\/li>\n<\/ol>\n\n\n\n<p>Per esercitare questi diritti, contattateci tramite i recapiti indicati di seguito.<\/p>\n\n\n\n<h3 class=\"wp-block-heading\">9. Trasferimenti internazionali di dati<\/h3>\n\n\n\n<p>In caso di trasferimento di dati personali al di fuori del SEE, adottiamo misure di protezione adeguate come le Clausole Contrattuali Standard (SCC) e garantiamo la conformit\u00e0 alle normative locali applicabili (ad esempio, la legge giapponese sulla protezione dei dati personali, la PDPL dell&#8217;Arabia Saudita, ecc.).<\/p>\n\n\n\n<h3 class=\"wp-block-heading\">10. Responsabile della protezione dei dati<\/h3>\n\n\n\n<p>Abbiamo nominato un responsabile della protezione dei dati. Per qualsiasi domanda, vi preghiamo di contattarci ai recapiti riportati di seguito.<\/p>\n\n\n\n<h3 class=\"wp-block-heading\">11. Miglioramento continuo<\/h3>\n\n\n\n<p>Rivediamo regolarmente le nostre pratiche in materia di protezione dei dati e ci impegniamo al miglioramento continuo.<\/p>\n\n\n\n<h3 class=\"wp-block-heading\">12. Legge applicabile e foro competente<\/h3>\n\n\n\n<p>La presente informativa \u00e8 regolata dalla legge giapponese. Qualsiasi controversia derivante dalla presente informativa \u00e8 sottoposta alla competenza esclusiva del Tribunale Distrettuale di Tokyo in primo grado.<\/p>\n\n\n\n<h3 class=\"wp-block-heading\">13. Contatti<\/h3>\n\n\n\n<p>Per qualsiasi domanda in merito ai dati personali, contattateci a:<\/p>\n\n\n\n<p><strong>MKPLUS Co., Ltd.<\/strong><br>4F Kurax Sendai, 3-3-1 Ichibancho, Aoba-ku, Sendai-shi, Miyagi<br>E-mail: <a>info@mkpl.co.jp<\/a><\/p>\n\n\n\n<div class=\"epb-advanced-buttons is-content-justification-center is-layout-flex wp-container-emanon-premium-blocks-advanced-button-is-layout-a89b3969 wp-block-emanon-premium-blocks-advanced-button-is-layout-flex\">\n<div class=\"epb-advanced-button-wrapper epb-has-button-text-align-center is-style-epb-microcopy-top-none is-style-epb-microcopy-bottom-none is-style-epb-position-icon-center is-style-epb-icon-none is-style-epb-button-hover-animation-none is-style-epb-icon-hover-animation-none\" style=\"--epb-button-width-sp:100%;--epb-button-width-tablet:25%;--epb-button-width-pc:40%;--epb-button-radius:100px;--epb-button-padding-top:0.6em;--epb-button-padding-right:1.8em;--epb-button-padding-bottom:0.6em;--epb-button-padding-left:1.8em;--epb-button-border-style:solid;--epb-button-border-width-top:2px;--epb-button-border-width-bottom:2px;--epb-button-border-width-left:2px;--epb-button-border-width-right:2px;--epb-button-text-font-size-sp:16px;--epb-button-text-font-size-tablet:16px;--epb-button-text-font-size-pc:16px;--epb-button-text-letter-spacing:0em;--epb-button-text-line-height:1;--epb-button-text-font-weight:normal;--epb-microcopy-top-font-size-sp:12px;--epb-microcopy-top-font-size-tablet:12px;--epb-microcopy-top-font-size-pc:12px;--epb-microcopy-top-letter-spacing:0.1em;--epb-microcopy-top-font-weight:normal;--epb-microcopy-bottom-font-size-sp:12px;--epb-microcopy-bottom-font-size-tablet:12px;--epb-microcopy-bottom-font-size-pc:12px;--epb-microcopy-bottom-letter-spacing:0.1em;--epb-microcopy-bottom-font-weight:normal;--epb-button-border-color:#333333;--epb-button-text-color:#333333;--epb-button-icon-color:#333333;--epb-button-icon-style-color:#e5e7e8;--epb-microcopy-top-color:#333333;--epb-microcopy-top-style-color:#e5e7e8;--epb-microcopy-bottom-color:#333333;--epb-microcopy-bottom-style-color:#e5e7e8;--epb-microcopy-bottom-style-background-color:#ffffff\"><a class=\"epb-advanced-button\" href=\"\/it\/contact\"><span class=\"epb-advanced-button__text\">Modulo di contatto<\/span><\/a><\/div>\n<\/div>\n\n\n\n<p><strong>Avviso per i visitatori dell&#8217;UE o del Regno dell&#8217;Arabia Saudita<\/strong><br>Si prega di consultare <a href=\"\/it\/cookie-policy-eu\/\">questa pagina<\/a> per ulteriori informazioni sull&#8217;uso dei cookie e sul trattamento dei dati personali.<\/p>\n\n\n\n<div class=\"epb-advanced-buttons is-content-justification-center is-layout-flex wp-container-emanon-premium-blocks-advanced-button-is-layout-a89b3969 wp-block-emanon-premium-blocks-advanced-button-is-layout-flex\">\n<div class=\"epb-advanced-button-wrapper epb-has-button-text-align-center is-style-epb-microcopy-top-none is-style-epb-microcopy-bottom-none is-style-epb-position-icon-center is-style-epb-icon-none is-style-epb-button-hover-animation-none is-style-epb-icon-hover-animation-none\" style=\"--epb-button-width-sp:100%;--epb-button-width-tablet:25%;--epb-button-width-pc:40%;--epb-button-radius:100px;--epb-button-padding-top:0.6em;--epb-button-padding-right:1.8em;--epb-button-padding-bottom:0.6em;--epb-button-padding-left:1.8em;--epb-button-border-style:solid;--epb-button-border-width-top:2px;--epb-button-border-width-bottom:2px;--epb-button-border-width-left:2px;--epb-button-border-width-right:2px;--epb-button-text-font-size-sp:16px;--epb-button-text-font-size-tablet:16px;--epb-button-text-font-size-pc:16px;--epb-button-text-letter-spacing:0em;--epb-button-text-line-height:1;--epb-button-text-font-weight:normal;--epb-microcopy-top-font-size-sp:12px;--epb-microcopy-top-font-size-tablet:12px;--epb-microcopy-top-font-size-pc:12px;--epb-microcopy-top-letter-spacing:0.1em;--epb-microcopy-top-font-weight:normal;--epb-microcopy-bottom-font-size-sp:12px;--epb-microcopy-bottom-font-size-tablet:12px;--epb-microcopy-bottom-font-size-pc:12px;--epb-microcopy-bottom-letter-spacing:0.1em;--epb-microcopy-bottom-font-weight:normal;--epb-button-border-color:#333333;--epb-button-text-color:#333333;--epb-button-icon-color:#333333;--epb-button-icon-style-color:#e5e7e8;--epb-microcopy-top-color:#333333;--epb-microcopy-top-style-color:#e5e7e8;--epb-microcopy-bottom-color:#333333;--epb-microcopy-bottom-style-color:#e5e7e8;--epb-microcopy-bottom-style-background-color:#ffffff\"><a class=\"epb-advanced-button\" href=\"\/it\/cookie-policy-eu\/\"><span class=\"epb-advanced-button__text\">Cookie Policy<\/span><\/a><\/div>\n<\/div>\n\n\n\n<p><\/p>\n","protected":false},"excerpt":{"rendered":"<p>MK PLUS Co., Ltd. (&#8220;noi&#8221;) riconosce che il trattamento e la protezione adeguati dei dati personali [&hellip;]<\/p>\n","protected":false},"author":1,"featured_media":0,"parent":0,"menu_order":0,"comment_status":"closed","ping_status":"open","template":"","meta":{"footnotes":""},"class_list":["post-3","page","type-page","status-publish","hentry"],"_links":{"self":[{"href":"https:\/\/mkpl.co.jp\/it\/wp-json\/wp\/v2\/pages\/3","targetHints":{"allow":["GET"]}}],"collection":[{"href":"https:\/\/mkpl.co.jp\/it\/wp-json\/wp\/v2\/pages"}],"about":[{"href":"https:\/\/mkpl.co.jp\/it\/wp-json\/wp\/v2\/types\/page"}],"author":[{"embeddable":true,"href":"https:\/\/mkpl.co.jp\/it\/wp-json\/wp\/v2\/users\/1"}],"replies":[{"embeddable":true,"href":"https:\/\/mkpl.co.jp\/it\/wp-json\/wp\/v2\/comments?post=3"}],"version-history":[{"count":4,"href":"https:\/\/mkpl.co.jp\/it\/wp-json\/wp\/v2\/pages\/3\/revisions"}],"predecessor-version":[{"id":564,"href":"https:\/\/mkpl.co.jp\/it\/wp-json\/wp\/v2\/pages\/3\/revisions\/564"}],"wp:attachment":[{"href":"https:\/\/mkpl.co.jp\/it\/wp-json\/wp\/v2\/media?parent=3"}],"curies":[{"name":"wp","href":"https:\/\/api.w.org\/{rel}","templated":true}]}}